{"id":33119,"date":"2026-04-09T11:59:31","date_gmt":"2026-04-09T04:59:31","guid":{"rendered":"https:\/\/autotechshow.com.vn\/?page_id=33119"},"modified":"2026-04-09T11:59:31","modified_gmt":"2026-04-09T04:59:31","slug":"registration-for-a-booth","status":"publish","type":"page","link":"https:\/\/autotechshow.com.vn\/en\/registration-for-a-booth\/","title":{"rendered":"Registration for a Booth"},"content":{"rendered":"<div data-elementor-type=\"wp-page\" data-elementor-id=\"33119\" class=\"elementor elementor-33119\" data-elementor-settings=\"{&quot;element_pack_global_tooltip_width&quot;:{&quot;unit&quot;:&quot;px&quot;,&quot;size&quot;:&quot;&quot;,&quot;sizes&quot;:[]},&quot;element_pack_global_tooltip_width_tablet&quot;:{&quot;unit&quot;:&quot;px&quot;,&quot;size&quot;:&quot;&quot;,&quot;sizes&quot;:[]},&quot;element_pack_global_tooltip_width_mobile&quot;:{&quot;unit&quot;:&quot;px&quot;,&quot;size&quot;:&quot;&quot;,&quot;sizes&quot;:[]},&quot;element_pack_global_tooltip_padding&quot;:{&quot;unit&quot;:&quot;px&quot;,&quot;top&quot;:&quot;&quot;,&quot;right&quot;:&quot;&quot;,&quot;bottom&quot;:&quot;&quot;,&quot;left&quot;:&quot;&quot;,&quot;isLinked&quot;:true},&quot;element_pack_global_tooltip_padding_tablet&quot;:{&quot;unit&quot;:&quot;px&quot;,&quot;top&quot;:&quot;&quot;,&quot;right&quot;:&quot;&quot;,&quot;bottom&quot;:&quot;&quot;,&quot;left&quot;:&quot;&quot;,&quot;isLinked&quot;:true},&quot;element_pack_global_tooltip_padding_mobile&quot;:{&quot;unit&quot;:&quot;px&quot;,&quot;top&quot;:&quot;&quot;,&quot;right&quot;:&quot;&quot;,&quot;bottom&quot;:&quot;&quot;,&quot;left&quot;:&quot;&quot;,&quot;isLinked&quot;:true},&quot;element_pack_global_tooltip_border_radius&quot;:{&quot;unit&quot;:&quot;px&quot;,&quot;top&quot;:&quot;&quot;,&quot;right&quot;:&quot;&quot;,&quot;bottom&quot;:&quot;&quot;,&quot;left&quot;:&quot;&quot;,&quot;isLinked&quot;:true},&quot;element_pack_global_tooltip_border_radius_tablet&quot;:{&quot;unit&quot;:&quot;px&quot;,&quot;top&quot;:&quot;&quot;,&quot;right&quot;:&quot;&quot;,&quot;bottom&quot;:&quot;&quot;,&quot;left&quot;:&quot;&quot;,&quot;isLinked&quot;:true},&quot;element_pack_global_tooltip_border_radius_mobile&quot;:{&quot;unit&quot;:&quot;px&quot;,&quot;top&quot;:&quot;&quot;,&quot;right&quot;:&quot;&quot;,&quot;bottom&quot;:&quot;&quot;,&quot;left&quot;:&quot;&quot;,&quot;isLinked&quot;:true}}\" data-elementor-post-type=\"page\">\n\t\t\t\t\t\t<section class=\"elementor-section elementor-top-section elementor-element elementor-element-3954628 elementor-section-boxed elementor-section-height-default elementor-section-height-default\" data-id=\"3954628\" data-element_type=\"section\" data-e-type=\"section\" data-settings=\"{&quot;jet_parallax_layout_list&quot;:[]}\">\n\t\t\t\t\t\t<div class=\"elementor-container elementor-column-gap-default\">\n\t\t\t\t\t<div class=\"elementor-column elementor-col-100 elementor-top-column elementor-element elementor-element-43b7f05\" data-id=\"43b7f05\" data-element_type=\"column\" data-e-type=\"column\">\n\t\t\t<div class=\"elementor-widget-wrap elementor-element-populated\">\n\t\t\t\t\t\t<section class=\"elementor-section elementor-inner-section elementor-element elementor-element-d6da779 elementor-section-boxed elementor-section-height-default elementor-section-height-default\" data-id=\"d6da779\" data-element_type=\"section\" data-e-type=\"section\" data-settings=\"{&quot;jet_parallax_layout_list&quot;:[]}\">\n\t\t\t\t\t\t<div class=\"elementor-container elementor-column-gap-default\">\n\t\t\t\t\t<div class=\"elementor-column elementor-col-100 elementor-inner-column elementor-element elementor-element-db58e0d\" data-id=\"db58e0d\" data-element_type=\"column\" data-e-type=\"column\">\n\t\t\t<div class=\"elementor-widget-wrap elementor-element-populated\">\n\t\t\t\t\t\t<div class=\"elementor-element elementor-element-ef9e38d elementor-widget elementor-widget-image\" data-id=\"ef9e38d\" data-element_type=\"widget\" data-e-type=\"widget\" data-widget_type=\"image.default\">\n\t\t\t\t\t\t\t\t\t\t\t\t\t\t\t<img fetchpriority=\"high\" decoding=\"async\" width=\"2560\" height=\"1058\" src=\"https:\/\/autotechshow.com.vn\/wp-content\/uploads\/2026\/01\/1d170ee951e0cdd334eadf82ddfdef4c246bc20d-scaled.png\" class=\"attachment-full size-full wp-image-55\" alt=\"\" srcset=\"https:\/\/autotechshow.com.vn\/wp-content\/uploads\/2026\/01\/1d170ee951e0cdd334eadf82ddfdef4c246bc20d-scaled.png 2560w, https:\/\/autotechshow.com.vn\/wp-content\/uploads\/2026\/01\/1d170ee951e0cdd334eadf82ddfdef4c246bc20d-300x124.png 300w, https:\/\/autotechshow.com.vn\/wp-content\/uploads\/2026\/01\/1d170ee951e0cdd334eadf82ddfdef4c246bc20d-1024x423.png 1024w, https:\/\/autotechshow.com.vn\/wp-content\/uploads\/2026\/01\/1d170ee951e0cdd334eadf82ddfdef4c246bc20d-768x317.png 768w, https:\/\/autotechshow.com.vn\/wp-content\/uploads\/2026\/01\/1d170ee951e0cdd334eadf82ddfdef4c246bc20d-1536x635.png 1536w, https:\/\/autotechshow.com.vn\/wp-content\/uploads\/2026\/01\/1d170ee951e0cdd334eadf82ddfdef4c246bc20d-2048x846.png 2048w\" sizes=\"(max-width: 2560px) 100vw, 2560px\" \/>\t\t\t\t\t\t\t\t\t\t\t\t\t\t\t<\/div>\n\t\t\t\t\t<\/div>\n\t\t<\/div>\n\t\t\t\t\t<\/div>\n\t\t<\/section>\n\t\t\t\t<div class=\"elementor-element elementor-element-ee93199 elementor-widget elementor-widget-heading\" data-id=\"ee93199\" data-element_type=\"widget\" data-e-type=\"widget\" data-widget_type=\"heading.default\">\n\t\t\t\t\t<h2 class=\"elementor-heading-title elementor-size-default\"> TRI\u1ec2N L\u00c3M QU\u1ed0C T\u1ebe L\u1ea6N TH\u1ee8 21<br>\u2028C\u00d4NG NGHI\u1ec6P \u00d4 T\u00d4, XE M\u00c1Y, XE \u0110I\u1ec6N V\u00c0 C\u00d4NG NGHI\u1ec6P H\u1ed6 TR\u1ee2\u2028(AUTOTECH &amp; ACCESSORIES SHOW 2025)<\/h2>\t\t\t\t<\/div>\n\t\t\t\t<div class=\"elementor-element elementor-element-8e5be90 elementor-widget elementor-widget-heading\" data-id=\"8e5be90\" data-element_type=\"widget\" data-e-type=\"widget\" data-widget_type=\"heading.default\">\n\t\t\t\t\t<h2 class=\"elementor-heading-title elementor-size-default\">\u0110\u01a0N \u0110\u0102NG K\u00dd GIAN H\u00c0NG<\/h2>\t\t\t\t<\/div>\n\t\t\t\t<div class=\"elementor-element elementor-element-9b60ba0 elementor-widget elementor-widget-text-editor\" data-id=\"9b60ba0\" data-element_type=\"widget\" data-e-type=\"widget\" data-widget_type=\"text-editor.default\">\n\t\t\t\t\t\t\t\t\t<p>Th\u1eddi gian: 22\/05 \u2013 25\/05\/2025<\/p><p><span style=\"color: #000000;\"><strong>Venue:<\/strong><\/span> Trung t\u00e2m H\u1ed9i ch\u1ee3 v\u00e0 Tri\u1ec3n l\u00e3m S\u00e0i G\u00f2n (SECC), 799 Nguy\u1ec5n V\u0103n Linh, Qu\u1eadn 7, TP.HCM<\/p><p><span style=\"color: #ff0000;\">Note: Fields marked with * are required<\/span><\/p>\t\t\t\t\t\t\t\t<\/div>\n\t\t\t\t<div class=\"elementor-element elementor-element-b8017a4 elementor-widget elementor-widget-shortcode\" data-id=\"b8017a4\" data-element_type=\"widget\" data-e-type=\"widget\" data-widget_type=\"shortcode.default\">\n\t\t\t\t\t\t\t<div class=\"elementor-shortcode\">\n<div class=\"wpcf7 no-js\" id=\"wpcf7-f1276-o1\" lang=\"vi\" dir=\"ltr\" data-wpcf7-id=\"1276\">\n<div class=\"screen-reader-response\"><p role=\"status\" aria-live=\"polite\" aria-atomic=\"true\"><\/p> <ul><\/ul><\/div>\n<form action=\"\/en\/wp-json\/wp\/v2\/pages\/33119#wpcf7-f1276-o1\" method=\"post\" class=\"wpcf7-form init\" aria-label=\"Form li\u00ean h\u1ec7\" novalidate=\"novalidate\" data-status=\"init\" data-trp-original-action=\"\/en\/wp-json\/wp\/v2\/pages\/33119#wpcf7-f1276-o1\">\n<fieldset class=\"hidden-fields-container\"><input type=\"hidden\" name=\"_wpcf7\" value=\"1276\" \/><input type=\"hidden\" name=\"_wpcf7_version\" value=\"6.1.5\" \/><input type=\"hidden\" name=\"_wpcf7_locale\" value=\"vi\" \/><input type=\"hidden\" name=\"_wpcf7_unit_tag\" value=\"wpcf7-f1276-o1\" \/><input type=\"hidden\" name=\"_wpcf7_container_post\" value=\"0\" \/><input type=\"hidden\" name=\"_wpcf7_posted_data_hash\" value=\"\" \/>\n<\/fieldset>\n<div class=\"cf7-custom-form\">\n\t<p><label>Company name<\/label><br \/>\n<span class=\"wpcf7-form-control-wrap\" data-name=\"company\"><input size=\"40\" maxlength=\"400\" class=\"wpcf7-form-control wpcf7-text wpcf7-validates-as-required\" aria-required=\"true\" aria-invalid=\"false\" value=\"\" type=\"text\" name=\"company\" \/><\/span>\n\t<\/p>\n\t<p><label>Address<\/label><br \/>\n<span class=\"wpcf7-form-control-wrap\" data-name=\"address\"><input size=\"40\" maxlength=\"400\" class=\"wpcf7-form-control wpcf7-text wpcf7-validates-as-required\" aria-required=\"true\" aria-invalid=\"false\" value=\"\" type=\"text\" name=\"address\" \/><\/span>\n\t<\/p>\n\t<div class=\"form-row\">\n\t\t<div class=\"form-col\">\n\t\t\t<p><label>Contact person<\/label><br \/>\n<span class=\"wpcf7-form-control-wrap\" data-name=\"contact\"><input size=\"40\" maxlength=\"400\" class=\"wpcf7-form-control wpcf7-text wpcf7-validates-as-required\" aria-required=\"true\" aria-invalid=\"false\" value=\"\" type=\"text\" name=\"contact\" \/><\/span>\n\t\t\t<\/p>\n\t\t<\/div>\n\t\t<div class=\"form-col\">\n\t\t\t<p><label>Email<\/label><br \/>\n<span class=\"wpcf7-form-control-wrap\" data-name=\"email\"><input size=\"40\" maxlength=\"400\" class=\"wpcf7-form-control wpcf7-email wpcf7-validates-as-required wpcf7-text wpcf7-validates-as-email\" aria-required=\"true\" aria-invalid=\"false\" value=\"\" type=\"email\" name=\"email\" \/><\/span>\n\t\t\t<\/p>\n\t\t<\/div>\n\t<\/div>\n\t<div class=\"form-row\">\n\t\t<div class=\"form-col\">\n\t\t\t<p><label>\u0110i\u1ec7n tho\u1ea1i<\/label><br \/>\n<span class=\"wpcf7-form-control-wrap\" data-name=\"phone\"><input size=\"40\" maxlength=\"400\" class=\"wpcf7-form-control wpcf7-tel wpcf7-validates-as-required wpcf7-text wpcf7-validates-as-tel\" aria-required=\"true\" aria-invalid=\"false\" value=\"\" type=\"tel\" name=\"phone\" \/><\/span>\n\t\t\t<\/p>\n\t\t<\/div>\n\t\t<div class=\"form-col\">\n\t\t\t<p><label>Mobile<\/label><br \/>\n<span class=\"wpcf7-form-control-wrap\" data-name=\"mobile\"><input size=\"40\" maxlength=\"400\" class=\"wpcf7-form-control wpcf7-tel wpcf7-validates-as-required wpcf7-text wpcf7-validates-as-tel\" aria-required=\"true\" aria-invalid=\"false\" value=\"\" type=\"tel\" name=\"mobile\" \/><\/span>\n\t\t\t<\/p>\n\t\t<\/div>\n\t<\/div>\n\t<div class=\"form-row\">\n\t\t<div class=\"form-col\">\n\t\t\t<p><label>Website<\/label><br \/>\n<span class=\"wpcf7-form-control-wrap\" data-name=\"website\"><input size=\"40\" maxlength=\"400\" class=\"wpcf7-form-control wpcf7-text\" aria-invalid=\"false\" value=\"\" type=\"text\" name=\"website\" \/><\/span>\n\t\t\t<\/p>\n\t\t<\/div>\n\t\t<div class=\"form-col\">\n\t\t\t<p><label>Fax<\/label><br \/>\n<span class=\"wpcf7-form-control-wrap\" data-name=\"fax\"><input size=\"40\" maxlength=\"400\" class=\"wpcf7-form-control wpcf7-text\" aria-invalid=\"false\" value=\"\" type=\"text\" name=\"fax\" \/><\/span>\n\t\t\t<\/p>\n\t\t<\/div>\n\t<\/div>\n\t<div class=\"form-group\">\n\t\t<p><label class=\"section-title\">Type of business<\/label><br \/>\n<span class=\"wpcf7-form-control-wrap\" data-name=\"business-type\"><span class=\"wpcf7-form-control wpcf7-checkbox\"><span class=\"wpcf7-list-item first\"><label><input type=\"checkbox\" name=\"business-type[]\" value=\"S\u1ea3n xu\u1ea5t\" \/><span class=\"wpcf7-list-item-label\">Manufacture<\/span><\/label><\/span><span class=\"wpcf7-list-item\"><label><input type=\"checkbox\" name=\"business-type[]\" value=\"Th\u01b0\u01a1ng m\u1ea1i\" \/><span class=\"wpcf7-list-item-label\">Th\u01b0\u01a1ng m\u1ea1i<\/span><\/label><\/span><span class=\"wpcf7-list-item last\"><label><input type=\"checkbox\" name=\"business-type[]\" value=\"D\u1ecbch v\u1ee5\" \/><span class=\"wpcf7-list-item-label\">D\u1ecbch v\u1ee5<\/span><\/label><\/span><\/span><\/span>\n\t\t<\/p>\n\t<\/div>\n\t<div class=\"form-group\">\n\t\t<p><label>S\u1ea3n ph\u1ea9m s\u1ebd tr\u01b0ng b\u00e0y t\u1ea1i Wellness Expo 2025<\/label>\n\t\t<\/p>\n\t\t<p class=\"section-description\">(For exhibition sectors, please see the Reference Information section below)\n\t\t<\/p>\n\t\t<p><span class=\"wpcf7-form-control-wrap\" data-name=\"products\"><textarea cols=\"40\" rows=\"10\" maxlength=\"2000\" class=\"wpcf7-form-control wpcf7-textarea\" aria-invalid=\"false\" name=\"products\"><\/textarea><\/span>\n\t\t<\/p>\n\t<\/div>\n\t<div class=\"form-group\">\n\t\t<p><label class=\"section-title\">D\u1ecbch v\u1ee5 \u0111\u0103ng k\u00fd tham gia <\/label><br \/>\n<span class=\"wpcf7-form-control-wrap\" data-name=\"services\"><span class=\"wpcf7-form-control wpcf7-checkbox\"><span class=\"wpcf7-list-item first\"><label><input type=\"checkbox\" name=\"services[]\" value=\"Trang qu\u1ea3ng c\u00e1o m\u00e0u\" \/><span class=\"wpcf7-list-item-label\">Trang qu\u1ea3ng c\u00e1o m\u00e0u<\/span><\/label><\/span><span class=\"wpcf7-list-item\"><label><input type=\"checkbox\" name=\"services[]\" value=\"Thi\u1ebft k\u1ebf d\u00e0n d\u1ef1ng gian h\u00e0ng\" \/><span class=\"wpcf7-list-item-label\">Design and construct your booth<\/span><\/label><\/span><span class=\"wpcf7-list-item\"><label><input type=\"checkbox\" name=\"services[]\" value=\"D\u00e0n d\u1ef1ng gian h\u00e0ng theo thi\u1ebft k\u1ebf c\u00f3 s\u1eb5n\" \/><span class=\"wpcf7-list-item-label\">D\u00e0n d\u1ef1ng gian h\u00e0ng theo thi\u1ebft k\u1ebf c\u00f3 s\u1eb5n<\/span><\/label><\/span><span class=\"wpcf7-list-item\"><label><input type=\"checkbox\" name=\"services[]\" value=\"\u0110\u1eb7t chuy\u00ean qu\u1ea3ng c\u00e1o\" \/><span class=\"wpcf7-list-item-label\">\u0110\u1eb7t chuy\u00ean qu\u1ea3ng c\u00e1o<\/span><\/label><\/span><span class=\"wpcf7-list-item\"><label><input type=\"checkbox\" name=\"services[]\" value=\"N\u00eau c\u1ea7u v\u1eadn chuy\u1ec3n h\u00e0ng h\u00f3a t\u1ea1i Tri\u1ec3n l\u00e3m\" \/><span class=\"wpcf7-list-item-label\">N\u00eau c\u1ea7u v\u1eadn chuy\u1ec3n h\u00e0ng h\u00f3a t\u1ea1i Tri\u1ec3n l\u00e3m<\/span><\/label><\/span><span class=\"wpcf7-list-item\"><label><input type=\"checkbox\" name=\"services[]\" value=\"N\u00eau c\u1ea7u thu\u1eadt nh\u00e2n l\u1ef1c...\" \/><span class=\"wpcf7-list-item-label\">N\u00eau c\u1ea7u thu\u1eadt nh\u00e2n l\u1ef1c...<\/span><\/label><\/span><span class=\"wpcf7-list-item last\"><label><input type=\"checkbox\" name=\"services[]\" value=\"N\u00eau c\u1ea7u kh\u00e1c (Vui l\u00f2ng ghi r\u00f5):\" \/><span class=\"wpcf7-list-item-label\">N\u00eau c\u1ea7u kh\u00e1c (Vui l\u00f2ng ghi r\u00f5):<\/span><\/label><\/span><\/span><\/span><br \/>\n<span class=\"wpcf7-form-control-wrap\" data-name=\"other-services\"><textarea cols=\"40\" rows=\"10\" maxlength=\"2000\" class=\"wpcf7-form-control wpcf7-textarea\" aria-invalid=\"false\" placeholder=\"N\u00eau c\u1ea7u kh\u00e1c\" name=\"other-services\"><\/textarea><\/span>\n\t\t<\/p>\n\t<\/div>\n\t<div class=\"form-group\">\n\t\t<p><label class=\"section-title\">Ch\u00fang t\u00f4i bi\u1ebft \u0111\u1ebfn Autotech qua<\/label><br \/>\n<span class=\"wpcf7-form-control-wrap\" data-name=\"source\"><span class=\"wpcf7-form-control wpcf7-checkbox\"><span class=\"wpcf7-list-item first\"><label><input type=\"checkbox\" name=\"source[]\" value=\"Website\" \/><span class=\"wpcf7-list-item-label\">Website<\/span><\/label><\/span><span class=\"wpcf7-list-item\"><label><input type=\"checkbox\" name=\"source[]\" value=\"Facebook\" \/><span class=\"wpcf7-list-item-label\">Facebook<\/span><\/label><\/span><span class=\"wpcf7-list-item\"><label><input type=\"checkbox\" name=\"source[]\" value=\"Tiktok\" \/><span class=\"wpcf7-list-item-label\">Tiktok<\/span><\/label><\/span><span class=\"wpcf7-list-item\"><label><input type=\"checkbox\" name=\"source[]\" value=\"B\u00e1o\/ T\u1ea1p ch\u00ed\" \/><span class=\"wpcf7-list-item-label\">B\u00e1o\/ T\u1ea1p ch\u00ed<\/span><\/label><\/span><span class=\"wpcf7-list-item\"><label><input type=\"checkbox\" name=\"source[]\" value=\"T\u00ean nh\u00e2n vi\u00ean ho\u1ea1i\" \/><span class=\"wpcf7-list-item-label\">T\u00ean nh\u00e2n vi\u00ean ho\u1ea1i<\/span><\/label><\/span><span class=\"wpcf7-list-item\"><label><input type=\"checkbox\" name=\"source[]\" value=\"Email\" \/><span class=\"wpcf7-list-item-label\">Email<\/span><\/label><\/span><span class=\"wpcf7-list-item\"><label><input type=\"checkbox\" name=\"source[]\" value=\"Telesales\" \/><span class=\"wpcf7-list-item-label\">Telesales<\/span><\/label><\/span><span class=\"wpcf7-list-item\"><label><input type=\"checkbox\" name=\"source[]\" value=\"Gi\u1edbi thi\u1ec7u t\u1eeb ng\u01b0\u1eddi quen, doanh nghi\u1ec7p...\" \/><span class=\"wpcf7-list-item-label\">Gi\u1edbi thi\u1ec7u t\u1eeb ng\u01b0\u1eddi quen, doanh nghi\u1ec7p...<\/span><\/label><\/span><span class=\"wpcf7-list-item\"><label><input type=\"checkbox\" name=\"source[]\" value=\"Hi\u1ec7p h\u1ed9i\" \/><span class=\"wpcf7-list-item-label\">Hi\u1ec7p h\u1ed9i<\/span><\/label><\/span><span class=\"wpcf7-list-item last\"><label><input type=\"checkbox\" name=\"source[]\" value=\"Kh\u00e1c ( Vui l\u00f2ng ghi r\u00f5)\" \/><span class=\"wpcf7-list-item-label\">Kh\u00e1c ( Vui l\u00f2ng ghi r\u00f5)<\/span><\/label><\/span><\/span><\/span><br \/>\n<span class=\"wpcf7-form-control-wrap\" data-name=\"other-source\"><textarea cols=\"40\" rows=\"10\" maxlength=\"2000\" class=\"wpcf7-form-control wpcf7-textarea\" aria-invalid=\"false\" placeholder=\"Other\" name=\"other-source\"><\/textarea><\/span>\n\t\t<\/p>\n\t<\/div>\n\t<p><input class=\"wpcf7-form-control wpcf7-submit has-spinner\" type=\"submit\" value=\"Submit\" \/>\n\t<\/p>\n<\/div><div class=\"wpcf7-response-output\" aria-hidden=\"true\"><\/div>\n<input type=\"hidden\" name=\"trp-form-language\" value=\"en\"\/><\/form>\n<\/div>\n<\/div>\n\t\t\t\t\t\t<\/div>\n\t\t\t\t\t<\/div>\n\t\t<\/div>\n\t\t\t\t\t<\/div>\n\t\t<\/section>\n\t\t\t\t<\/div>","protected":false},"excerpt":{"rendered":"","protected":false},"author":1,"featured_media":55,"parent":0,"menu_order":0,"comment_status":"closed","ping_status":"closed","template":"","meta":{"footnotes":""},"class_list":["post-33119","page","type-page","status-publish","has-post-thumbnail","hentry"],"lang":"en","translations":{"en":33119,"zh":33121,"vi":1279},"_links":{"self":[{"href":"https:\/\/autotechshow.com.vn\/en\/wp-json\/wp\/v2\/pages\/33119","targetHints":{"allow":["GET"]}}],"collection":[{"href":"https:\/\/autotechshow.com.vn\/en\/wp-json\/wp\/v2\/pages"}],"about":[{"href":"https:\/\/autotechshow.com.vn\/en\/wp-json\/wp\/v2\/types\/page"}],"author":[{"embeddable":true,"href":"https:\/\/autotechshow.com.vn\/en\/wp-json\/wp\/v2\/users\/1"}],"replies":[{"embeddable":true,"href":"https:\/\/autotechshow.com.vn\/en\/wp-json\/wp\/v2\/comments?post=33119"}],"version-history":[{"count":0,"href":"https:\/\/autotechshow.com.vn\/en\/wp-json\/wp\/v2\/pages\/33119\/revisions"}],"wp:featuredmedia":[{"embeddable":true,"href":"https:\/\/autotechshow.com.vn\/en\/wp-json\/wp\/v2\/media\/55"}],"wp:attachment":[{"href":"https:\/\/autotechshow.com.vn\/en\/wp-json\/wp\/v2\/media?parent=33119"}],"curies":[{"name":"wp","href":"https:\/\/api.w.org\/{rel}","templated":true}]}}