{"id":677,"date":"2026-01-15T10:41:10","date_gmt":"2026-01-15T03:41:10","guid":{"rendered":"https:\/\/autotechshow.com.vn\/?page_id=677"},"modified":"2026-02-27T14:51:39","modified_gmt":"2026-02-27T07:51:39","slug":"business-matching-registration-form","status":"publish","type":"page","link":"https:\/\/autotechshow.com.vn\/en\/dang-ky-ket-noi-giao-thuong\/","title":{"rendered":"Business Matching Registration"},"content":{"rendered":"<div data-elementor-type=\"wp-page\" data-elementor-id=\"677\" class=\"elementor elementor-677\" data-elementor-settings=\"{&quot;element_pack_global_tooltip_width&quot;:{&quot;unit&quot;:&quot;px&quot;,&quot;size&quot;:&quot;&quot;,&quot;sizes&quot;:[]},&quot;element_pack_global_tooltip_width_tablet&quot;:{&quot;unit&quot;:&quot;px&quot;,&quot;size&quot;:&quot;&quot;,&quot;sizes&quot;:[]},&quot;element_pack_global_tooltip_width_mobile&quot;:{&quot;unit&quot;:&quot;px&quot;,&quot;size&quot;:&quot;&quot;,&quot;sizes&quot;:[]},&quot;element_pack_global_tooltip_padding&quot;:{&quot;unit&quot;:&quot;px&quot;,&quot;top&quot;:&quot;&quot;,&quot;right&quot;:&quot;&quot;,&quot;bottom&quot;:&quot;&quot;,&quot;left&quot;:&quot;&quot;,&quot;isLinked&quot;:true},&quot;element_pack_global_tooltip_padding_tablet&quot;:{&quot;unit&quot;:&quot;px&quot;,&quot;top&quot;:&quot;&quot;,&quot;right&quot;:&quot;&quot;,&quot;bottom&quot;:&quot;&quot;,&quot;left&quot;:&quot;&quot;,&quot;isLinked&quot;:true},&quot;element_pack_global_tooltip_padding_mobile&quot;:{&quot;unit&quot;:&quot;px&quot;,&quot;top&quot;:&quot;&quot;,&quot;right&quot;:&quot;&quot;,&quot;bottom&quot;:&quot;&quot;,&quot;left&quot;:&quot;&quot;,&quot;isLinked&quot;:true},&quot;element_pack_global_tooltip_border_radius&quot;:{&quot;unit&quot;:&quot;px&quot;,&quot;top&quot;:&quot;&quot;,&quot;right&quot;:&quot;&quot;,&quot;bottom&quot;:&quot;&quot;,&quot;left&quot;:&quot;&quot;,&quot;isLinked&quot;:true},&quot;element_pack_global_tooltip_border_radius_tablet&quot;:{&quot;unit&quot;:&quot;px&quot;,&quot;top&quot;:&quot;&quot;,&quot;right&quot;:&quot;&quot;,&quot;bottom&quot;:&quot;&quot;,&quot;left&quot;:&quot;&quot;,&quot;isLinked&quot;:true},&quot;element_pack_global_tooltip_border_radius_mobile&quot;:{&quot;unit&quot;:&quot;px&quot;,&quot;top&quot;:&quot;&quot;,&quot;right&quot;:&quot;&quot;,&quot;bottom&quot;:&quot;&quot;,&quot;left&quot;:&quot;&quot;,&quot;isLinked&quot;:true}}\" data-elementor-post-type=\"page\">\n\t\t\t\t\t\t<section class=\"elementor-section elementor-top-section elementor-element elementor-element-a165fba elementor-section-boxed elementor-section-height-default elementor-section-height-default\" data-id=\"a165fba\" data-element_type=\"section\" data-e-type=\"section\" data-settings=\"{&quot;jet_parallax_layout_list&quot;:[]}\">\n\t\t\t\t\t\t<div class=\"elementor-container elementor-column-gap-default\">\n\t\t\t\t\t<div class=\"elementor-column elementor-col-100 elementor-top-column elementor-element elementor-element-ed57d9d\" data-id=\"ed57d9d\" data-element_type=\"column\" data-e-type=\"column\">\n\t\t\t<div class=\"elementor-widget-wrap elementor-element-populated\">\n\t\t\t\t\t\t<section class=\"elementor-section elementor-inner-section elementor-element elementor-element-9a9a6ba elementor-section-boxed elementor-section-height-default elementor-section-height-default\" data-id=\"9a9a6ba\" data-element_type=\"section\" data-e-type=\"section\" data-settings=\"{&quot;jet_parallax_layout_list&quot;:[]}\">\n\t\t\t\t\t\t<div class=\"elementor-container elementor-column-gap-default\">\n\t\t\t\t\t<div class=\"elementor-column elementor-col-100 elementor-inner-column elementor-element elementor-element-621d102\" data-id=\"621d102\" data-element_type=\"column\" data-e-type=\"column\">\n\t\t\t<div class=\"elementor-widget-wrap elementor-element-populated\">\n\t\t\t\t\t\t<div class=\"elementor-element elementor-element-9a10e4c elementor-widget elementor-widget-image\" data-id=\"9a10e4c\" data-element_type=\"widget\" data-e-type=\"widget\" data-widget_type=\"image.default\">\n\t\t\t\t\t\t\t\t\t\t\t\t\t\t\t<img fetchpriority=\"high\" decoding=\"async\" width=\"2560\" height=\"1058\" src=\"https:\/\/autotechshow.com.vn\/wp-content\/uploads\/2026\/01\/1d170ee951e0cdd334eadf82ddfdef4c246bc20d-scaled.png\" class=\"attachment-full size-full wp-image-55\" alt=\"\" srcset=\"https:\/\/autotechshow.com.vn\/wp-content\/uploads\/2026\/01\/1d170ee951e0cdd334eadf82ddfdef4c246bc20d-scaled.png 2560w, https:\/\/autotechshow.com.vn\/wp-content\/uploads\/2026\/01\/1d170ee951e0cdd334eadf82ddfdef4c246bc20d-300x124.png 300w, https:\/\/autotechshow.com.vn\/wp-content\/uploads\/2026\/01\/1d170ee951e0cdd334eadf82ddfdef4c246bc20d-1024x423.png 1024w, https:\/\/autotechshow.com.vn\/wp-content\/uploads\/2026\/01\/1d170ee951e0cdd334eadf82ddfdef4c246bc20d-768x317.png 768w, https:\/\/autotechshow.com.vn\/wp-content\/uploads\/2026\/01\/1d170ee951e0cdd334eadf82ddfdef4c246bc20d-1536x635.png 1536w, https:\/\/autotechshow.com.vn\/wp-content\/uploads\/2026\/01\/1d170ee951e0cdd334eadf82ddfdef4c246bc20d-2048x846.png 2048w\" sizes=\"(max-width: 2560px) 100vw, 2560px\" \/>\t\t\t\t\t\t\t\t\t\t\t\t\t\t\t<\/div>\n\t\t\t\t\t<\/div>\n\t\t<\/div>\n\t\t\t\t\t<\/div>\n\t\t<\/section>\n\t\t\t\t<div class=\"elementor-element elementor-element-4f6bdd6 elementor-widget elementor-widget-heading\" data-id=\"4f6bdd6\" data-element_type=\"widget\" data-e-type=\"widget\" data-widget_type=\"heading.default\">\n\t\t\t\t\t<h2 class=\"elementor-heading-title elementor-size-default\">THE 22nd INTERNATIONAL EXHIBITION<br>ON AUTOMOBILE, MOTORCYCLE, ELECTRIC VEHICLE  &amp; SUPPORTING INDUSTRIES  \n\n(AUTOTECH &amp; ACCESSORIES 2026)<\/h2>\t\t\t\t<\/div>\n\t\t\t\t<div class=\"elementor-element elementor-element-6f30df7 elementor-widget elementor-widget-heading\" data-id=\"6f30df7\" data-element_type=\"widget\" data-e-type=\"widget\" data-widget_type=\"heading.default\">\n\t\t\t\t\t<h2 class=\"elementor-heading-title elementor-size-default\">BUSINESS MATCHING REGISTRATION FORM<\/h2>\t\t\t\t<\/div>\n\t\t\t\t<div class=\"elementor-element elementor-element-aa4ddb1 elementor-widget elementor-widget-text-editor\" data-id=\"aa4ddb1\" data-element_type=\"widget\" data-e-type=\"widget\" data-widget_type=\"text-editor.default\">\n\t\t\t\t\t\t\t\t\t<p>Time: 21\/05 \u2013 24\/05\/2026<\/p><p><span style=\"color: #000000;\"><strong>Venue:<\/strong><\/span> Saigon Exhibition and Convention Center  \u2013  SECC  \n799 Nguyen Van Linh, Tan My Ward, Ho Chi Minh City, Vietnam<\/p><p><span style=\"color: #ff0000;\">Note: Fields marked with * are required<\/span><\/p>\t\t\t\t\t\t\t\t<\/div>\n\t\t\t\t<div class=\"elementor-element elementor-element-cd7c1b7 elementor-widget elementor-widget-shortcode\" data-id=\"cd7c1b7\" data-element_type=\"widget\" data-e-type=\"widget\" data-widget_type=\"shortcode.default\">\n\t\t\t\t\t\t\t<div class=\"elementor-shortcode\">\n<div class=\"wpcf7 no-js\" id=\"wpcf7-f1256-o1\" lang=\"vi\" dir=\"ltr\" data-wpcf7-id=\"1256\">\n<div class=\"screen-reader-response\"><p role=\"status\" aria-live=\"polite\" aria-atomic=\"true\"><\/p> <ul><\/ul><\/div>\n<form action=\"\/en\/wp-json\/wp\/v2\/pages\/677#wpcf7-f1256-o1\" method=\"post\" class=\"wpcf7-form init\" aria-label=\"Form li\u00ean h\u1ec7\" novalidate=\"novalidate\" data-status=\"init\" data-trp-original-action=\"\/en\/wp-json\/wp\/v2\/pages\/677#wpcf7-f1256-o1\">\n<fieldset class=\"hidden-fields-container\"><input type=\"hidden\" name=\"_wpcf7\" value=\"1256\" \/><input type=\"hidden\" name=\"_wpcf7_version\" value=\"6.1.5\" \/><input type=\"hidden\" name=\"_wpcf7_locale\" value=\"vi\" \/><input type=\"hidden\" name=\"_wpcf7_unit_tag\" value=\"wpcf7-f1256-o1\" \/><input type=\"hidden\" name=\"_wpcf7_container_post\" value=\"0\" \/><input type=\"hidden\" name=\"_wpcf7_posted_data_hash\" value=\"\" \/>\n<\/fieldset>\n<div class=\"form-cty\">\n\t<p><label>Company name <span style=\"color: red; font-weight: 700;\">*<\/span><\/label><br \/>\n<span class=\"wpcf7-form-control-wrap\" data-name=\"ten-cong-ty\"><input size=\"40\" maxlength=\"400\" class=\"wpcf7-form-control wpcf7-text wpcf7-validates-as-required\" aria-required=\"true\" aria-invalid=\"false\" value=\"\" type=\"text\" name=\"ten-cong-ty\" \/><\/span>\n\t<\/p>\n<\/div>\n<div class=\"form-row\">\n\t<div class=\"form-group\">\n\t\t<p><label>Address<\/label><br \/>\n<span class=\"wpcf7-form-control-wrap\" data-name=\"dia-chi\"><input size=\"40\" maxlength=\"400\" class=\"wpcf7-form-control wpcf7-text\" aria-invalid=\"false\" value=\"\" type=\"text\" name=\"dia-chi\" \/><\/span>\n\t\t<\/p>\n\t<\/div>\n\t<div class=\"form-group\">\n\t\t<p><label>Tel <span style=\"color: red; font-weight: 700;\">*<\/span><\/label><br \/>\n<span class=\"wpcf7-form-control-wrap\" data-name=\"so-dien-thoai\"><input size=\"40\" maxlength=\"400\" class=\"wpcf7-form-control wpcf7-tel wpcf7-validates-as-required wpcf7-text wpcf7-validates-as-tel\" aria-required=\"true\" aria-invalid=\"false\" value=\"\" type=\"tel\" name=\"so-dien-thoai\" \/><\/span>\n\t\t<\/p>\n\t<\/div>\n<\/div>\n<div class=\"form-row\">\n\t<div class=\"form-group\">\n\t\t<p><label>Email <span style=\"color: red; font-weight: 700;\">*<\/span><\/label><br \/>\n<span class=\"wpcf7-form-control-wrap\" data-name=\"email\"><input size=\"40\" maxlength=\"400\" class=\"wpcf7-form-control wpcf7-email wpcf7-validates-as-required wpcf7-text wpcf7-validates-as-email\" aria-required=\"true\" aria-invalid=\"false\" value=\"\" type=\"email\" name=\"email\" \/><\/span>\n\t\t<\/p>\n\t<\/div>\n\t<div class=\"form-group\">\n\t\t<p><label>Website<\/label><br \/>\n<span class=\"wpcf7-form-control-wrap\" data-name=\"website\"><input size=\"40\" maxlength=\"400\" class=\"wpcf7-form-control wpcf7-text\" aria-invalid=\"false\" value=\"\" type=\"text\" name=\"website\" \/><\/span>\n\t\t<\/p>\n\t<\/div>\n<\/div>\n<div class=\"form-group\">\n\t<p><label class=\"section-title\">Type of business <span style=\"color: red; font-weight: 700;\">*<\/span><\/label>\n\t<\/p>\n\t<div class=\"checkbox-group\">\n\t\t<p><span class=\"wpcf7-form-control-wrap\" data-name=\"loai-hinh\"><span class=\"wpcf7-form-control wpcf7-checkbox wpcf7-validates-as-required\"><span class=\"wpcf7-list-item first\"><label><input type=\"checkbox\" name=\"loai-hinh[]\" value=\"S\u1ea3n xu\u1ea5t\" \/><span class=\"wpcf7-list-item-label\">Manufacture<\/span><\/label><\/span><span class=\"wpcf7-list-item\"><label><input type=\"checkbox\" name=\"loai-hinh[]\" value=\"Nh\u1eadp kh\u1ea9u\" \/><span class=\"wpcf7-list-item-label\">Import<\/span><\/label><\/span><span class=\"wpcf7-list-item\"><label><input type=\"checkbox\" name=\"loai-hinh[]\" value=\"Xu\u1ea5t kh\u1ea9u\" \/><span class=\"wpcf7-list-item-label\">Export<\/span><\/label><\/span><span class=\"wpcf7-list-item last\"><label><input type=\"checkbox\" name=\"loai-hinh[]\" value=\"Kh\u00e1c\" \/><span class=\"wpcf7-list-item-label\">Other<\/span><\/label><\/span><\/span><\/span>\n\t\t<\/p>\n\t<\/div>\n<\/div>\n<div class=\"form-group\">\n\t<p><span class=\"wpcf7-form-control-wrap\" data-name=\"linh-vuc\"><input size=\"40\" maxlength=\"400\" class=\"wpcf7-form-control wpcf7-text\" aria-invalid=\"false\" placeholder=\"Main fields of activity and business\" value=\"\" type=\"text\" name=\"linh-vuc\" \/><\/span>\n\t<\/p>\n<\/div>\n<div class=\"form-group\">\n\t<p><span class=\"wpcf7-form-control-wrap\" data-name=\"ho-tro-nganh\"><input size=\"40\" maxlength=\"400\" class=\"wpcf7-form-control wpcf7-text\" aria-invalid=\"false\" placeholder=\"Full name of participant\" value=\"\" type=\"text\" name=\"ho-tro-nganh\" \/><\/span>\n\t<\/p>\n<\/div>\n<div class=\"form-group\">\n\t<p><span class=\"wpcf7-form-control-wrap\" data-name=\"bo-phan\"><input size=\"40\" maxlength=\"400\" class=\"wpcf7-form-control wpcf7-text\" aria-invalid=\"false\" placeholder=\"Department\" value=\"\" type=\"text\" name=\"bo-phan\" \/><\/span>\n\t<\/p>\n<\/div>\n<div class=\"form-group\">\n\t<p><span class=\"wpcf7-form-control-wrap\" data-name=\"chuc-vu\"><input size=\"40\" maxlength=\"400\" class=\"wpcf7-form-control wpcf7-text\" aria-invalid=\"false\" placeholder=\"Position\" value=\"\" type=\"text\" name=\"chuc-vu\" \/><\/span>\n\t<\/p>\n<\/div>\n<div class=\"form-group\">\n\t<p><span class=\"wpcf7-form-control-wrap\" data-name=\"di-dong\"><input size=\"40\" maxlength=\"400\" class=\"wpcf7-form-control wpcf7-text\" aria-invalid=\"false\" placeholder=\"Mobile\" value=\"\" type=\"text\" name=\"di-dong\" \/><\/span>\n\t<\/p>\n<\/div>\n<div class=\"form-group\">\n\t<p><label class=\"section-title\">Purpose of participation<\/label>\n\t<\/p>\n\t<div class=\"checkbox-group\">\n\t\t<p><span class=\"wpcf7-form-control-wrap\" data-name=\"nhu-cau\"><span class=\"wpcf7-form-control wpcf7-checkbox\"><span class=\"wpcf7-list-item first\"><label><input type=\"checkbox\" name=\"nhu-cau[]\" value=\"T\u00ecm ki\u1ebfm ngu\u1ed3n h\u00e0ng\/Mua\/\u0110\u1eb7t h\u00e0ng s\u1ea3n ph\u1ea9m\" \/><span class=\"wpcf7-list-item-label\">Search for products\/Buy\/Order products<\/span><\/label><\/span><span class=\"wpcf7-list-item\"><label><input type=\"checkbox\" name=\"nhu-cau[]\" value=\"T\u00ecm ki\u1ebfm c\u00e1c k\u00eanh\/\u0110\u1ea1i l\u00fd ph\u00e2n ph\u1ed1i m\u1edbi\" \/><span class=\"wpcf7-list-item-label\">Looking for new channels\/distribution agents<\/span><\/label><\/span><span class=\"wpcf7-list-item last\"><label><input type=\"checkbox\" name=\"nhu-cau[]\" value=\"Kh\u00e1c\" \/><span class=\"wpcf7-list-item-label\">Other<\/span><\/label><\/span><\/span><\/span>\n\t\t<\/p>\n\t<\/div>\n<\/div>\n<div class=\"form-group\">\n\t<p><label class=\"section-title\">Languages<\/label>\n\t<\/p>\n\t<div class=\"checkbox-group\">\n\t\t<p><span class=\"wpcf7-form-control-wrap\" data-name=\"ngon-ngu\"><span class=\"wpcf7-form-control wpcf7-checkbox\"><span class=\"wpcf7-list-item first\"><label><input type=\"checkbox\" name=\"ngon-ngu[]\" value=\"Ti\u1ebfng Vi\u1ec7t\" \/><span class=\"wpcf7-list-item-label\">Vietnamese<\/span><\/label><\/span><span class=\"wpcf7-list-item\"><label><input type=\"checkbox\" name=\"ngon-ngu[]\" value=\"Ti\u1ebfng H\u00e0n\" \/><span class=\"wpcf7-list-item-label\">Korean<\/span><\/label><\/span><span class=\"wpcf7-list-item\"><label><input type=\"checkbox\" name=\"ngon-ngu[]\" value=\"Ti\u1ebfng Anh\" \/><span class=\"wpcf7-list-item-label\">English<\/span><\/label><\/span><span class=\"wpcf7-list-item last\"><label><input type=\"checkbox\" name=\"ngon-ngu[]\" value=\"Kh\u00e1c\" \/><span class=\"wpcf7-list-item-label\">Other<\/span><\/label><\/span><\/span><\/span>\n\t\t<\/p>\n\t<\/div>\n<\/div>\n<div class=\"form-group\">\n\t<p><label class=\"section-title\">Trade form<\/label>\n\t<\/p>\n\t<div class=\"checkbox-group\">\n\t\t<p><span class=\"wpcf7-form-control-wrap\" data-name=\"hinh-thuc\"><span class=\"wpcf7-form-control wpcf7-checkbox\"><span class=\"wpcf7-list-item first last\"><label><input type=\"checkbox\" name=\"hinh-thuc[]\" value=\"Tr\u1ef1c ti\u1ebfp t\u1ea1i Tri\u1ec3n L\u00e3m\" \/><span class=\"wpcf7-list-item-label\">Direct at the Exhibition<\/span><\/label><\/span><\/span><\/span>\n\t\t<\/p>\n\t<\/div>\n<\/div>\n<div class=\"privacy-notice\">\n\t<p><strong>Please refer to the Exhibitor information at the Link:<\/strong>\n\t<\/p>\n\t<p><a href=\"\/en\/\u0110ang c\u1eadp nh\u1eadt\/\" target=\"_blank\">Updating<\/a>\n\t<\/p>\n\t<p><strong style=\"color: red;\">Note: (*) Cannot be left blank<\/strong>\n\t<\/p>\n\t<p>In addition, you can also register at the Registration Counter at the Exhibition.\n\t<\/p>\n<\/div>\n<p><input class=\"wpcf7-form-control wpcf7-submit has-spinner submit-btn\" type=\"submit\" value=\"Submit\" \/>\n<\/p><div class=\"wpcf7-response-output\" aria-hidden=\"true\"><\/div>\n<input type=\"hidden\" name=\"trp-form-language\" value=\"en\"\/><\/form>\n<\/div>\n<\/div>\n\t\t\t\t\t\t<\/div>\n\t\t\t\t\t<\/div>\n\t\t<\/div>\n\t\t\t\t\t<\/div>\n\t\t<\/section>\n\t\t\t\t<\/div>","protected":false},"excerpt":{"rendered":"<p>TRI\u1ec2N L\u00c3M QU\u1ed0C T\u1ebe L\u1ea6N TH\u1ee8 22\u2028C\u00d4NG NGHI\u1ec6P \u00d4 T\u00d4, XE M\u00c1Y, XE \u0110I\u1ec6N V\u00c0 C\u00d4NG NGHI\u1ec6P H\u1ed6 TR\u1ee2\u2028(AUTOTECH &amp; ACCESSORIES SHOW 2026) \u0110\u01a0N \u0110\u0102NG K\u00dd K\u1ebeT N\u1ed0I GIAO TH\u01af\u01a0NG Th\u1eddi gian: 21\/05 \u2013 24\/05\/2026 \u0110\u1ecba \u0111i\u1ec3m: Trung t\u00e2m H\u1ed9i ch\u1ee3 v\u00e0 Tri\u1ec3n l\u00e3m S\u00e0i G\u00f2n (SECC), 799 Nguy\u1ec5n V\u0103n Linh, P. T\u00e2n M\u1ef9, TP.HCM [&hellip;]<\/p>\n","protected":false},"author":1,"featured_media":55,"parent":0,"menu_order":0,"comment_status":"closed","ping_status":"closed","template":"","meta":{"footnotes":""},"class_list":["post-677","page","type-page","status-publish","has-post-thumbnail","hentry"],"_links":{"self":[{"href":"https:\/\/autotechshow.com.vn\/en\/wp-json\/wp\/v2\/pages\/677","targetHints":{"allow":["GET"]}}],"collection":[{"href":"https:\/\/autotechshow.com.vn\/en\/wp-json\/wp\/v2\/pages"}],"about":[{"href":"https:\/\/autotechshow.com.vn\/en\/wp-json\/wp\/v2\/types\/page"}],"author":[{"embeddable":true,"href":"https:\/\/autotechshow.com.vn\/en\/wp-json\/wp\/v2\/users\/1"}],"replies":[{"embeddable":true,"href":"https:\/\/autotechshow.com.vn\/en\/wp-json\/wp\/v2\/comments?post=677"}],"version-history":[{"count":51,"href":"https:\/\/autotechshow.com.vn\/en\/wp-json\/wp\/v2\/pages\/677\/revisions"}],"predecessor-version":[{"id":1808,"href":"https:\/\/autotechshow.com.vn\/en\/wp-json\/wp\/v2\/pages\/677\/revisions\/1808"}],"wp:featuredmedia":[{"embeddable":true,"href":"https:\/\/autotechshow.com.vn\/en\/wp-json\/wp\/v2\/media\/55"}],"wp:attachment":[{"href":"https:\/\/autotechshow.com.vn\/en\/wp-json\/wp\/v2\/media?parent=677"}],"curies":[{"name":"wp","href":"https:\/\/api.w.org\/{rel}","templated":true}]}}