{"id":33140,"date":"2026-04-10T10:47:32","date_gmt":"2026-04-10T03:47:32","guid":{"rendered":"https:\/\/autotechshow.com.vn\/?page_id=33140"},"modified":"2026-04-10T10:47:32","modified_gmt":"2026-04-10T03:47:32","slug":"%e6%8a%a5%e5%90%8d%e5%8f%82%e5%8a%a0%e6%b4%bb%e5%8a%a8","status":"publish","type":"page","link":"https:\/\/autotechshow.com.vn\/zh\/%e6%8a%a5%e5%90%8d%e5%8f%82%e5%8a%a0%e6%b4%bb%e5%8a%a8\/","title":{"rendered":"\u62a5\u540d\u53c2\u52a0\u6d3b\u52a8"},"content":{"rendered":"\t\t<div data-elementor-type=\"wp-page\" data-elementor-id=\"33140\" class=\"elementor elementor-33140\" data-elementor-settings=\"{&quot;element_pack_global_tooltip_width&quot;:{&quot;unit&quot;:&quot;px&quot;,&quot;size&quot;:&quot;&quot;,&quot;sizes&quot;:[]},&quot;element_pack_global_tooltip_width_tablet&quot;:{&quot;unit&quot;:&quot;px&quot;,&quot;size&quot;:&quot;&quot;,&quot;sizes&quot;:[]},&quot;element_pack_global_tooltip_width_mobile&quot;:{&quot;unit&quot;:&quot;px&quot;,&quot;size&quot;:&quot;&quot;,&quot;sizes&quot;:[]},&quot;element_pack_global_tooltip_padding&quot;:{&quot;unit&quot;:&quot;px&quot;,&quot;top&quot;:&quot;&quot;,&quot;right&quot;:&quot;&quot;,&quot;bottom&quot;:&quot;&quot;,&quot;left&quot;:&quot;&quot;,&quot;isLinked&quot;:true},&quot;element_pack_global_tooltip_padding_tablet&quot;:{&quot;unit&quot;:&quot;px&quot;,&quot;top&quot;:&quot;&quot;,&quot;right&quot;:&quot;&quot;,&quot;bottom&quot;:&quot;&quot;,&quot;left&quot;:&quot;&quot;,&quot;isLinked&quot;:true},&quot;element_pack_global_tooltip_padding_mobile&quot;:{&quot;unit&quot;:&quot;px&quot;,&quot;top&quot;:&quot;&quot;,&quot;right&quot;:&quot;&quot;,&quot;bottom&quot;:&quot;&quot;,&quot;left&quot;:&quot;&quot;,&quot;isLinked&quot;:true},&quot;element_pack_global_tooltip_border_radius&quot;:{&quot;unit&quot;:&quot;px&quot;,&quot;top&quot;:&quot;&quot;,&quot;right&quot;:&quot;&quot;,&quot;bottom&quot;:&quot;&quot;,&quot;left&quot;:&quot;&quot;,&quot;isLinked&quot;:true},&quot;element_pack_global_tooltip_border_radius_tablet&quot;:{&quot;unit&quot;:&quot;px&quot;,&quot;top&quot;:&quot;&quot;,&quot;right&quot;:&quot;&quot;,&quot;bottom&quot;:&quot;&quot;,&quot;left&quot;:&quot;&quot;,&quot;isLinked&quot;:true},&quot;element_pack_global_tooltip_border_radius_mobile&quot;:{&quot;unit&quot;:&quot;px&quot;,&quot;top&quot;:&quot;&quot;,&quot;right&quot;:&quot;&quot;,&quot;bottom&quot;:&quot;&quot;,&quot;left&quot;:&quot;&quot;,&quot;isLinked&quot;:true}}\" data-elementor-post-type=\"page\">\n\t\t\t\t\t\t<section class=\"elementor-section elementor-top-section elementor-element elementor-element-8c3458c elementor-section-boxed elementor-section-height-default elementor-section-height-default\" data-id=\"8c3458c\" data-element_type=\"section\" data-e-type=\"section\" data-settings=\"{&quot;jet_parallax_layout_list&quot;:[]}\">\n\t\t\t\t\t\t<div class=\"elementor-container elementor-column-gap-default\">\n\t\t\t\t\t<div class=\"elementor-column elementor-col-100 elementor-top-column elementor-element elementor-element-f4c642c\" data-id=\"f4c642c\" data-element_type=\"column\" data-e-type=\"column\">\n\t\t\t<div class=\"elementor-widget-wrap elementor-element-populated\">\n\t\t\t\t\t\t<section class=\"elementor-section elementor-inner-section elementor-element elementor-element-490f7e4 elementor-section-boxed elementor-section-height-default elementor-section-height-default\" data-id=\"490f7e4\" data-element_type=\"section\" data-e-type=\"section\" data-settings=\"{&quot;jet_parallax_layout_list&quot;:[]}\">\n\t\t\t\t\t\t<div class=\"elementor-container elementor-column-gap-default\">\n\t\t\t\t\t<div class=\"elementor-column elementor-col-100 elementor-inner-column elementor-element elementor-element-ab2d6d6\" data-id=\"ab2d6d6\" data-element_type=\"column\" data-e-type=\"column\">\n\t\t\t<div class=\"elementor-widget-wrap elementor-element-populated\">\n\t\t\t\t\t\t<div class=\"elementor-element elementor-element-9c6c33e elementor-widget elementor-widget-image\" data-id=\"9c6c33e\" data-element_type=\"widget\" data-e-type=\"widget\" data-widget_type=\"image.default\">\n\t\t\t\t\t\t\t\t\t\t\t\t\t\t\t<img fetchpriority=\"high\" decoding=\"async\" width=\"2560\" height=\"1058\" src=\"https:\/\/autotechshow.com.vn\/wp-content\/uploads\/2026\/01\/1d170ee951e0cdd334eadf82ddfdef4c246bc20d-scaled.png\" class=\"attachment-full size-full wp-image-55\" alt=\"\" srcset=\"https:\/\/autotechshow.com.vn\/wp-content\/uploads\/2026\/01\/1d170ee951e0cdd334eadf82ddfdef4c246bc20d-scaled.png 2560w, https:\/\/autotechshow.com.vn\/wp-content\/uploads\/2026\/01\/1d170ee951e0cdd334eadf82ddfdef4c246bc20d-300x124.png 300w, https:\/\/autotechshow.com.vn\/wp-content\/uploads\/2026\/01\/1d170ee951e0cdd334eadf82ddfdef4c246bc20d-1024x423.png 1024w, https:\/\/autotechshow.com.vn\/wp-content\/uploads\/2026\/01\/1d170ee951e0cdd334eadf82ddfdef4c246bc20d-768x317.png 768w, https:\/\/autotechshow.com.vn\/wp-content\/uploads\/2026\/01\/1d170ee951e0cdd334eadf82ddfdef4c246bc20d-1536x635.png 1536w, https:\/\/autotechshow.com.vn\/wp-content\/uploads\/2026\/01\/1d170ee951e0cdd334eadf82ddfdef4c246bc20d-2048x846.png 2048w\" sizes=\"(max-width: 2560px) 100vw, 2560px\" \/>\t\t\t\t\t\t\t\t\t\t\t\t\t\t\t<\/div>\n\t\t\t\t\t<\/div>\n\t\t<\/div>\n\t\t\t\t\t<\/div>\n\t\t<\/section>\n\t\t\t\t<div class=\"elementor-element elementor-element-1688af2 elementor-widget elementor-widget-heading\" data-id=\"1688af2\" data-element_type=\"widget\" data-e-type=\"widget\" data-widget_type=\"heading.default\">\n\t\t\t\t\t<h2 class=\"elementor-heading-title elementor-size-default\"> TRI\u1ec2N L\u00c3M QU\u1ed0C T\u1ebe L\u1ea6N TH\u1ee8 21<br>\u2028C\u00d4NG NGHI\u1ec6P \u00d4 T\u00d4, XE M\u00c1Y, XE \u0110I\u1ec6N V\u00c0 C\u00d4NG NGHI\u1ec6P H\u1ed6 TR\u1ee2\u2028(AUTOTECH &amp; ACCESSORIES SHOW 2025)<\/h2>\t\t\t\t<\/div>\n\t\t\t\t<div class=\"elementor-element elementor-element-6209d88 elementor-widget elementor-widget-heading\" data-id=\"6209d88\" data-element_type=\"widget\" data-e-type=\"widget\" data-widget_type=\"heading.default\">\n\t\t\t\t\t<h2 class=\"elementor-heading-title elementor-size-default\">\u0110\u01a0N \u0110\u0102NG K\u00dd THAM QUAN S\u1ef0 KI\u1ec6N<\/h2>\t\t\t\t<\/div>\n\t\t\t\t<div class=\"elementor-element elementor-element-3a4796a elementor-widget elementor-widget-text-editor\" data-id=\"3a4796a\" data-element_type=\"widget\" data-e-type=\"widget\" data-widget_type=\"text-editor.default\">\n\t\t\t\t\t\t\t\t\t<p><strong>Th\u1eddi gian:<\/strong> 22\/05 \u2013 25\/05\/2025<\/p><p><span style=\"color: #000000;\"><strong>\u0110\u1ecba \u0111i\u1ec3m:<\/strong><\/span> Trung t\u00e2m H\u1ed9i ch\u1ee3 v\u00e0 Tri\u1ec3n l\u00e3m S\u00e0i G\u00f2n (SECC), 799 Nguy\u1ec5n V\u0103n Linh, Qu\u1eadn 7, TP.HCM<\/p><p><span style=\"color: #ff0000;\">L\u01b0u \u00fd: Nh\u1eefng \u00f4 c\u00f3 d\u1ea5u * l\u00e0 b\u1eaft bu\u1ed9c ph\u1ea3i \u0111i\u1ec1n<\/span><\/p>\t\t\t\t\t\t\t\t<\/div>\n\t\t\t\t<div class=\"elementor-element elementor-element-0e1ff51 elementor-widget elementor-widget-shortcode\" data-id=\"0e1ff51\" data-element_type=\"widget\" data-e-type=\"widget\" data-widget_type=\"shortcode.default\">\n\t\t\t\t\t\t\t<div class=\"elementor-shortcode\">\n<div class=\"wpcf7 no-js\" id=\"wpcf7-f1236-o1\" lang=\"vi\" dir=\"ltr\" data-wpcf7-id=\"1236\">\n<div class=\"screen-reader-response\"><p role=\"status\" aria-live=\"polite\" aria-atomic=\"true\"><\/p> <ul><\/ul><\/div>\n<form action=\"\/zh\/wp-json\/wp\/v2\/pages\/33140#wpcf7-f1236-o1\" method=\"post\" class=\"wpcf7-form init\" aria-label=\"Form li\u00ean h\u1ec7\" novalidate=\"novalidate\" data-status=\"init\">\n<fieldset class=\"hidden-fields-container\"><input type=\"hidden\" name=\"_wpcf7\" value=\"1236\" \/><input type=\"hidden\" name=\"_wpcf7_version\" value=\"6.1.5\" \/><input type=\"hidden\" name=\"_wpcf7_locale\" value=\"vi\" \/><input type=\"hidden\" name=\"_wpcf7_unit_tag\" value=\"wpcf7-f1236-o1\" \/><input type=\"hidden\" name=\"_wpcf7_container_post\" value=\"0\" \/><input type=\"hidden\" name=\"_wpcf7_posted_data_hash\" value=\"\" \/>\n<\/fieldset>\n<div class=\"contact-form-wrapper\">\n\t<p><label> H\u1ecd v\u00e0 t\u00ean<br \/>\n<span class=\"wpcf7-form-control-wrap\" data-name=\"your-name\"><input size=\"40\" maxlength=\"400\" class=\"wpcf7-form-control wpcf7-text wpcf7-validates-as-required form-control\" aria-required=\"true\" aria-invalid=\"false\" placeholder=\"\" value=\"\" type=\"text\" name=\"your-name\" \/><\/span><br \/>\n<\/label>\n\t<\/p>\n\t<div class=\"form-row\">\n\t\t<div class=\"form-col\">\n\t\t\t<p><label> S\u1ed1 \u0111i\u1ec7n tho\u1ea1i<br \/>\n<span class=\"wpcf7-form-control-wrap\" data-name=\"your-phone\"><input size=\"40\" maxlength=\"400\" class=\"wpcf7-form-control wpcf7-tel wpcf7-validates-as-required wpcf7-text wpcf7-validates-as-tel form-control\" aria-required=\"true\" aria-invalid=\"false\" placeholder=\"\" value=\"\" type=\"tel\" name=\"your-phone\" \/><\/span><br \/>\n<\/label>\n\t\t\t<\/p>\n\t\t<\/div>\n\t\t<div class=\"form-col\">\n\t\t\t<p><label> Email<br \/>\n<span class=\"wpcf7-form-control-wrap\" data-name=\"your-email\"><input size=\"40\" maxlength=\"400\" class=\"wpcf7-form-control wpcf7-email wpcf7-validates-as-required wpcf7-text wpcf7-validates-as-email form-control\" aria-required=\"true\" aria-invalid=\"false\" placeholder=\"\" value=\"\" type=\"email\" name=\"your-email\" \/><\/span><br \/>\n<\/label>\n\t\t\t<\/p>\n\t\t<\/div>\n\t<\/div>\n\t<p><input class=\"wpcf7-form-control wpcf7-submit has-spinner submit-btn\" type=\"submit\" value=\"G\u1eedi Th\u00f4ng Tin\" \/>\n\t<\/p>\n<\/div>\n<style>\n\n.contact-form-wrapper label {\n display: block;\n margin-bottom: 20px;\n font-size: 14px;\n color: #333;\n font-weight: 500;\n}\n\n.contact-form-wrapper input[type=\"text\"],\n.contact-form-wrapper input[type=\"tel\"],\n.contact-form-wrapper input[type=\"email\"] {\n width: 100%;\n padding: 12px 15px;\n border: 1px solid #ddd;\n border-radius: 4px;\n font-size: 14px;\n margin-top: 8px;\n box-sizing: border-box;\n}\n\n.contact-form-wrapper input:focus {\n outline: none;\n border-color: #FFA500;\n}\n\n.form-row {\n display: grid;\n grid-template-columns: 1fr 1fr;\n gap: 20px;\n margin-bottom: 20px;\n}\n\n.form-col label {\n margin-bottom: 0;\n}\n\n.submit-btn {\n background-color: #FFA500;\n color: white;\n padding: 12px 30px;\n border: none;\n border-radius: 4px;\n font-size: 14px;\n font-weight: 500;\n cursor: pointer;\n transition: background-color 0.3s;\n}\n\n.submit-btn:hover {\n background-color: #FF8C00;\n}\n\n@media (max-width: 768px) {\n .form-row {\n grid-template-columns: 1fr;\n }\n}\n<\/style><div class=\"wpcf7-response-output\" aria-hidden=\"true\"><\/div>\n<\/form>\n<\/div>\n<\/div>\n\t\t\t\t\t\t<\/div>\n\t\t\t\t\t<\/div>\n\t\t<\/div>\n\t\t\t\t\t<\/div>\n\t\t<\/section>\n\t\t\t\t<\/div>\n\t\t","protected":false},"excerpt":{"rendered":"","protected":false},"author":1,"featured_media":55,"parent":0,"menu_order":0,"comment_status":"closed","ping_status":"closed","template":"","meta":{"footnotes":""},"class_list":["post-33140","page","type-page","status-publish","has-post-thumbnail","hentry"],"lang":"zh","translations":{"zh":33140,"vi":1208,"en":33138},"_links":{"self":[{"href":"https:\/\/autotechshow.com.vn\/zh\/wp-json\/wp\/v2\/pages\/33140","targetHints":{"allow":["GET"]}}],"collection":[{"href":"https:\/\/autotechshow.com.vn\/zh\/wp-json\/wp\/v2\/pages"}],"about":[{"href":"https:\/\/autotechshow.com.vn\/zh\/wp-json\/wp\/v2\/types\/page"}],"author":[{"embeddable":true,"href":"https:\/\/autotechshow.com.vn\/zh\/wp-json\/wp\/v2\/users\/1"}],"replies":[{"embeddable":true,"href":"https:\/\/autotechshow.com.vn\/zh\/wp-json\/wp\/v2\/comments?post=33140"}],"version-history":[{"count":0,"href":"https:\/\/autotechshow.com.vn\/zh\/wp-json\/wp\/v2\/pages\/33140\/revisions"}],"wp:featuredmedia":[{"embeddable":true,"href":"https:\/\/autotechshow.com.vn\/zh\/wp-json\/wp\/v2\/media\/55"}],"wp:attachment":[{"href":"https:\/\/autotechshow.com.vn\/zh\/wp-json\/wp\/v2\/media?parent=33140"}],"curies":[{"name":"wp","href":"https:\/\/api.w.org\/{rel}","templated":true}]}}