{"id":35,"date":"2026-01-12T13:44:25","date_gmt":"2026-01-12T06:44:25","guid":{"rendered":"https:\/\/autotechshow.com.vn\/?page_id=35"},"modified":"2026-03-13T17:35:43","modified_gmt":"2026-03-13T10:35:43","slug":"%e4%ba%8b%e4%bb%b6","status":"publish","type":"page","link":"https:\/\/autotechshow.com.vn\/zh\/su-kien\/","title":{"rendered":"\u4e8b\u4ef6"},"content":{"rendered":"<div data-elementor-type=\"wp-page\" data-elementor-id=\"35\" class=\"elementor elementor-35\" data-elementor-settings=\"{&quot;element_pack_global_tooltip_width&quot;:{&quot;unit&quot;:&quot;px&quot;,&quot;size&quot;:&quot;&quot;,&quot;sizes&quot;:[]},&quot;element_pack_global_tooltip_width_tablet&quot;:{&quot;unit&quot;:&quot;px&quot;,&quot;size&quot;:&quot;&quot;,&quot;sizes&quot;:[]},&quot;element_pack_global_tooltip_width_mobile&quot;:{&quot;unit&quot;:&quot;px&quot;,&quot;size&quot;:&quot;&quot;,&quot;sizes&quot;:[]},&quot;element_pack_global_tooltip_padding&quot;:{&quot;unit&quot;:&quot;px&quot;,&quot;top&quot;:&quot;&quot;,&quot;right&quot;:&quot;&quot;,&quot;bottom&quot;:&quot;&quot;,&quot;left&quot;:&quot;&quot;,&quot;isLinked&quot;:true},&quot;element_pack_global_tooltip_padding_tablet&quot;:{&quot;unit&quot;:&quot;px&quot;,&quot;top&quot;:&quot;&quot;,&quot;right&quot;:&quot;&quot;,&quot;bottom&quot;:&quot;&quot;,&quot;left&quot;:&quot;&quot;,&quot;isLinked&quot;:true},&quot;element_pack_global_tooltip_padding_mobile&quot;:{&quot;unit&quot;:&quot;px&quot;,&quot;top&quot;:&quot;&quot;,&quot;right&quot;:&quot;&quot;,&quot;bottom&quot;:&quot;&quot;,&quot;left&quot;:&quot;&quot;,&quot;isLinked&quot;:true},&quot;element_pack_global_tooltip_border_radius&quot;:{&quot;unit&quot;:&quot;px&quot;,&quot;top&quot;:&quot;&quot;,&quot;right&quot;:&quot;&quot;,&quot;bottom&quot;:&quot;&quot;,&quot;left&quot;:&quot;&quot;,&quot;isLinked&quot;:true},&quot;element_pack_global_tooltip_border_radius_tablet&quot;:{&quot;unit&quot;:&quot;px&quot;,&quot;top&quot;:&quot;&quot;,&quot;right&quot;:&quot;&quot;,&quot;bottom&quot;:&quot;&quot;,&quot;left&quot;:&quot;&quot;,&quot;isLinked&quot;:true},&quot;element_pack_global_tooltip_border_radius_mobile&quot;:{&quot;unit&quot;:&quot;px&quot;,&quot;top&quot;:&quot;&quot;,&quot;right&quot;:&quot;&quot;,&quot;bottom&quot;:&quot;&quot;,&quot;left&quot;:&quot;&quot;,&quot;isLinked&quot;:true}}\" data-elementor-post-type=\"page\">\n\t\t\t\t\t\t<section class=\"elementor-section elementor-top-section elementor-element elementor-element-a8684a1 elementor-section-boxed elementor-section-height-default elementor-section-height-default\" data-id=\"a8684a1\" data-element_type=\"section\" data-e-type=\"section\" data-settings=\"{&quot;jet_parallax_layout_list&quot;:[]}\">\n\t\t\t\t\t\t<div class=\"elementor-container elementor-column-gap-default\">\n\t\t\t\t\t<div class=\"elementor-column elementor-col-100 elementor-top-column elementor-element elementor-element-58d16b9\" data-id=\"58d16b9\" data-element_type=\"column\" data-e-type=\"column\">\n\t\t\t<div class=\"elementor-widget-wrap elementor-element-populated\">\n\t\t\t\t\t\t<div class=\"elementor-element elementor-element-71eac04 elementor-widget elementor-widget-menu-anchor\" data-id=\"71eac04\" data-element_type=\"widget\" data-e-type=\"widget\" data-widget_type=\"menu-anchor.default\">\n\t\t\t\t\t\t\t<div class=\"elementor-menu-anchor\" id=\"ketnoi\"><\/div>\n\t\t\t\t\t\t<\/div>\n\t\t\t\t\t<\/div>\n\t\t<\/div>\n\t\t\t\t\t<\/div>\n\t\t<\/section>\n\t\t\t\t<section class=\"elementor-section elementor-top-section elementor-element elementor-element-b487642 elementor-section-content-middle elementor-hidden-mobile elementor-section-boxed elementor-section-height-default elementor-section-height-default\" data-id=\"b487642\" data-element_type=\"section\" data-e-type=\"section\" data-settings=\"{&quot;jet_parallax_layout_list&quot;:[]}\">\n\t\t\t\t\t\t<div class=\"elementor-container elementor-column-gap-default\">\n\t\t\t\t\t<div class=\"elementor-column elementor-col-50 elementor-top-column elementor-element elementor-element-618fb14\" data-id=\"618fb14\" data-element_type=\"column\" data-e-type=\"column\">\n\t\t\t<div class=\"elementor-widget-wrap elementor-element-populated\">\n\t\t\t\t\t\t<section class=\"elementor-section elementor-inner-section elementor-element elementor-element-4f5807b elementor-section-boxed elementor-section-height-default elementor-section-height-default\" data-id=\"4f5807b\" data-element_type=\"section\" data-e-type=\"section\" data-settings=\"{&quot;jet_parallax_layout_list&quot;:[],&quot;background_background&quot;:&quot;classic&quot;}\">\n\t\t\t\t\t\t<div class=\"elementor-container elementor-column-gap-default\">\n\t\t\t\t\t<div class=\"elementor-column elementor-col-100 elementor-inner-column elementor-element elementor-element-10fbe83\" data-id=\"10fbe83\" data-element_type=\"column\" data-e-type=\"column\">\n\t\t\t<div class=\"elementor-widget-wrap elementor-element-populated\">\n\t\t\t\t\t\t<div class=\"elementor-element elementor-element-447ead6 elementor-widget elementor-widget-heading\" data-id=\"447ead6\" data-element_type=\"widget\" data-e-type=\"widget\" data-widget_type=\"heading.default\">\n\t\t\t\t\t<h2 class=\"elementor-heading-title elementor-size-default\">\u5546\u4e1a\u914d\u5bf9<\/h2>\t\t\t\t<\/div>\n\t\t\t\t<div class=\"elementor-element elementor-element-0b88d6e elementor-widget elementor-widget-text-editor\" data-id=\"0b88d6e\" data-element_type=\"widget\" data-e-type=\"widget\" data-widget_type=\"text-editor.default\">\n\t\t\t\t\t\t\t\t\t<p>\u5546\u52a1\u914d\u5bf9\u8ba1\u5212\u91c7\u7528\u73b0\u573a\u548c\u5728\u7ebf\u4e24\u79cd\u5f62\u5f0f\uff0c\u4e0d\u4ec5\u80fd\u6709\u6548\u652f\u6301\u53c2\u5c55\u5546\uff0c\u8fd8\u80fd\u5438\u5f15\u56fd\u5185\u5916\u4f01\u4e1a\u5728\u7ebf\u53c2\u4e0e\u3002<\/p>\t\t\t\t\t\t\t\t<\/div>\n\t\t\t\t<div class=\"elementor-element elementor-element-c0a23c2 elementor-align-center elementor-widget elementor-widget-button\" data-id=\"c0a23c2\" data-element_type=\"widget\" data-e-type=\"widget\" data-widget_type=\"button.default\">\n\t\t\t\t\t\t\t\t\t\t<a class=\"elementor-button elementor-button-link elementor-size-sm\" href=\"https:\/\/autotechshow.com.vn\/zh\/%e5%95%86%e4%b8%9a%e7%99%bb%e8%ae%b0%e7%94%b3%e8%af%b7\/\">\n\t\t\t\t\t\t<span class=\"elementor-button-content-wrapper\">\n\t\t\t\t\t\t\t\t\t<span class=\"elementor-button-text\">\u6ce8\u518c\u5546\u4e1a\u7f51\u7edc<\/span>\n\t\t\t\t\t<\/span>\n\t\t\t\t\t<\/a>\n\t\t\t\t\t\t\t\t<\/div>\n\t\t\t\t\t<\/div>\n\t\t<\/div>\n\t\t\t\t\t<\/div>\n\t\t<\/section>\n\t\t\t\t\t<\/div>\n\t\t<\/div>\n\t\t\t\t<div class=\"elementor-column elementor-col-50 elementor-top-column elementor-element elementor-element-75d798d\" data-id=\"75d798d\" data-element_type=\"column\" data-e-type=\"column\">\n\t\t\t<div class=\"elementor-widget-wrap elementor-element-populated\">\n\t\t\t\t\t\t<div class=\"elementor-element elementor-element-729e8b0 elementor-widget elementor-widget-image\" data-id=\"729e8b0\" data-element_type=\"widget\" data-e-type=\"widget\" data-widget_type=\"image.default\">\n\t\t\t\t\t\t\t\t\t\t\t\t\t\t\t<img fetchpriority=\"high\" decoding=\"async\" width=\"561\" height=\"390\" src=\"https:\/\/autotechshow.com.vn\/wp-content\/uploads\/2026\/01\/image-3-2.png\" class=\"attachment-large size-large wp-image-240\" alt=\"\" srcset=\"https:\/\/autotechshow.com.vn\/wp-content\/uploads\/2026\/01\/image-3-2.png 561w, https:\/\/autotechshow.com.vn\/wp-content\/uploads\/2026\/01\/image-3-2-300x209.png 300w\" sizes=\"(max-width: 561px) 100vw, 561px\" \/>\t\t\t\t\t\t\t\t\t\t\t\t\t\t\t<\/div>\n\t\t\t\t\t<\/div>\n\t\t<\/div>\n\t\t\t\t\t<\/div>\n\t\t<\/section>\n\t\t\t\t<section class=\"elementor-section elementor-top-section elementor-element elementor-element-9ad6287 elementor-section-content-middle elementor-hidden-desktop elementor-hidden-tablet elementor-section-boxed elementor-section-height-default elementor-section-height-default\" data-id=\"9ad6287\" data-element_type=\"section\" data-e-type=\"section\" data-settings=\"{&quot;jet_parallax_layout_list&quot;:[]}\">\n\t\t\t\t\t\t<div class=\"elementor-container elementor-column-gap-default\">\n\t\t\t\t\t<div class=\"elementor-column elementor-col-50 elementor-top-column elementor-element elementor-element-7699ca1\" data-id=\"7699ca1\" data-element_type=\"column\" data-e-type=\"column\">\n\t\t\t<div class=\"elementor-widget-wrap elementor-element-populated\">\n\t\t\t\t\t\t<div class=\"elementor-element elementor-element-a2c6502 elementor-widget elementor-widget-image\" data-id=\"a2c6502\" data-element_type=\"widget\" data-e-type=\"widget\" data-widget_type=\"image.default\">\n\t\t\t\t\t\t\t\t\t\t\t\t\t\t\t<img fetchpriority=\"high\" decoding=\"async\" width=\"561\" height=\"390\" src=\"https:\/\/autotechshow.com.vn\/wp-content\/uploads\/2026\/01\/image-3-2.png\" class=\"attachment-large size-large wp-image-240\" alt=\"\" srcset=\"https:\/\/autotechshow.com.vn\/wp-content\/uploads\/2026\/01\/image-3-2.png 561w, https:\/\/autotechshow.com.vn\/wp-content\/uploads\/2026\/01\/image-3-2-300x209.png 300w\" sizes=\"(max-width: 561px) 100vw, 561px\" \/>\t\t\t\t\t\t\t\t\t\t\t\t\t\t\t<\/div>\n\t\t\t\t\t<\/div>\n\t\t<\/div>\n\t\t\t\t<div class=\"elementor-column elementor-col-50 elementor-top-column elementor-element elementor-element-54fb14e\" data-id=\"54fb14e\" data-element_type=\"column\" data-e-type=\"column\">\n\t\t\t<div class=\"elementor-widget-wrap elementor-element-populated\">\n\t\t\t\t\t\t<section class=\"elementor-section elementor-inner-section elementor-element elementor-element-f375e39 elementor-section-boxed elementor-section-height-default elementor-section-height-default\" data-id=\"f375e39\" data-element_type=\"section\" data-e-type=\"section\" data-settings=\"{&quot;jet_parallax_layout_list&quot;:[]}\">\n\t\t\t\t\t\t<div class=\"elementor-container elementor-column-gap-default\">\n\t\t\t\t\t<div class=\"elementor-column elementor-col-100 elementor-inner-column elementor-element elementor-element-a956a5b\" data-id=\"a956a5b\" data-element_type=\"column\" data-e-type=\"column\" data-settings=\"{&quot;background_background&quot;:&quot;classic&quot;}\">\n\t\t\t<div class=\"elementor-widget-wrap elementor-element-populated\">\n\t\t\t\t\t\t<div class=\"elementor-element elementor-element-90ef462 elementor-widget elementor-widget-heading\" data-id=\"90ef462\" data-element_type=\"widget\" data-e-type=\"widget\" data-widget_type=\"heading.default\">\n\t\t\t\t\t<h2 class=\"elementor-heading-title elementor-size-default\">\u5546\u4e1a\u914d\u5bf9<\/h2>\t\t\t\t<\/div>\n\t\t\t\t<div class=\"elementor-element elementor-element-2b64967 elementor-widget elementor-widget-text-editor\" data-id=\"2b64967\" data-element_type=\"widget\" data-e-type=\"widget\" data-widget_type=\"text-editor.default\">\n\t\t\t\t\t\t\t\t\t<p>\u5546\u52a1\u914d\u5bf9\u8ba1\u5212\u91c7\u7528\u73b0\u573a\u548c\u5728\u7ebf\u4e24\u79cd\u5f62\u5f0f\uff0c\u4e0d\u4ec5\u80fd\u6709\u6548\u652f\u6301\u53c2\u5c55\u5546\uff0c\u8fd8\u80fd\u5438\u5f15\u56fd\u5185\u5916\u4f01\u4e1a\u5728\u7ebf\u53c2\u4e0e\u3002<\/p>\t\t\t\t\t\t\t\t<\/div>\n\t\t\t\t<div class=\"elementor-element elementor-element-d065c66 elementor-align-center elementor-widget__width-auto elementor-absolute elementor-widget-mobile__width-inherit elementor-widget elementor-widget-button translation-block\" data-id=\"d065c66\" data-element_type=\"widget\" data-e-type=\"widget\" data-settings=\"{&quot;_position&quot;:&quot;absolute&quot;}\" data-widget_type=\"button.default\">\u6ce8\u518c\u5546\u52a1\u5bf9\u63a5<\/div>\n\t\t\t\t\t<\/div>\n\t\t<\/div>\n\t\t\t\t\t<\/div>\n\t\t<\/section>\n\t\t\t\t\t<\/div>\n\t\t<\/div>\n\t\t\t\t\t<\/div>\n\t\t<\/section>\n\t\t\t\t<section class=\"elementor-section elementor-top-section elementor-element elementor-element-ee1c324 elementor-section-boxed elementor-section-height-default elementor-section-height-default\" data-id=\"ee1c324\" data-element_type=\"section\" data-e-type=\"section\" data-settings=\"{&quot;jet_parallax_layout_list&quot;:[]}\">\n\t\t\t\t\t\t<div class=\"elementor-container elementor-column-gap-default\">\n\t\t\t\t\t<div class=\"elementor-column elementor-col-100 elementor-top-column elementor-element elementor-element-f8fa287\" data-id=\"f8fa287\" data-element_type=\"column\" data-e-type=\"column\">\n\t\t\t<div class=\"elementor-widget-wrap elementor-element-populated\">\n\t\t\t\t\t\t<div class=\"elementor-element elementor-element-29b2084 elementor-widget elementor-widget-menu-anchor\" data-id=\"29b2084\" data-element_type=\"widget\" data-e-type=\"widget\" data-widget_type=\"menu-anchor.default\">\n\t\t\t\t\t\t\t<div class=\"elementor-menu-anchor\" id=\"chuyennganh\"><\/div>\n\t\t\t\t\t\t<\/div>\n\t\t\t\t\t<\/div>\n\t\t<\/div>\n\t\t\t\t\t<\/div>\n\t\t<\/section>\n\t\t\t\t<section class=\"elementor-section elementor-top-section elementor-element elementor-element-86a6f78 elementor-section-content-middle elementor-hidden-mobile elementor-section-boxed elementor-section-height-default elementor-section-height-default\" data-id=\"86a6f78\" data-element_type=\"section\" data-e-type=\"section\" data-settings=\"{&quot;jet_parallax_layout_list&quot;:[]}\">\n\t\t\t\t\t\t<div class=\"elementor-container elementor-column-gap-default\">\n\t\t\t\t\t<div class=\"elementor-column elementor-col-50 elementor-top-column elementor-element elementor-element-df3c872\" data-id=\"df3c872\" data-element_type=\"column\" data-e-type=\"column\">\n\t\t\t<div class=\"elementor-widget-wrap elementor-element-populated\">\n\t\t\t\t\t\t<div class=\"elementor-element elementor-element-2522f0c elementor-widget elementor-widget-image\" data-id=\"2522f0c\" data-element_type=\"widget\" data-e-type=\"widget\" data-widget_type=\"image.default\">\n\t\t\t\t\t\t\t\t\t\t\t\t\t\t\t<img decoding=\"async\" width=\"800\" height=\"534\" src=\"https:\/\/autotechshow.com.vn\/wp-content\/uploads\/2026\/01\/123c9509f5a364c5a193aa7becbce256b3d1cb90.png\" class=\"attachment-large size-large wp-image-711\" alt=\"\" srcset=\"https:\/\/autotechshow.com.vn\/wp-content\/uploads\/2026\/01\/123c9509f5a364c5a193aa7becbce256b3d1cb90.png 1000w, https:\/\/autotechshow.com.vn\/wp-content\/uploads\/2026\/01\/123c9509f5a364c5a193aa7becbce256b3d1cb90-300x200.png 300w, https:\/\/autotechshow.com.vn\/wp-content\/uploads\/2026\/01\/123c9509f5a364c5a193aa7becbce256b3d1cb90-768x512.png 768w\" sizes=\"(max-width: 800px) 100vw, 800px\" \/>\t\t\t\t\t\t\t\t\t\t\t\t\t\t\t<\/div>\n\t\t\t\t\t<\/div>\n\t\t<\/div>\n\t\t\t\t<div class=\"elementor-column elementor-col-50 elementor-top-column elementor-element elementor-element-451b490\" data-id=\"451b490\" data-element_type=\"column\" data-e-type=\"column\">\n\t\t\t<div class=\"elementor-widget-wrap elementor-element-populated\">\n\t\t\t\t\t\t<section class=\"elementor-section elementor-inner-section elementor-element elementor-element-61aafd4 elementor-section-boxed elementor-section-height-default elementor-section-height-default\" data-id=\"61aafd4\" data-element_type=\"section\" data-e-type=\"section\" data-settings=\"{&quot;jet_parallax_layout_list&quot;:[],&quot;background_background&quot;:&quot;classic&quot;}\">\n\t\t\t\t\t\t<div class=\"elementor-container elementor-column-gap-default\">\n\t\t\t\t\t<div class=\"elementor-column elementor-col-100 elementor-inner-column elementor-element elementor-element-450694c\" data-id=\"450694c\" data-element_type=\"column\" data-e-type=\"column\">\n\t\t\t<div class=\"elementor-widget-wrap elementor-element-populated\">\n\t\t\t\t\t\t<div class=\"elementor-element elementor-element-edf1899 elementor-widget elementor-widget-heading\" data-id=\"edf1899\" data-element_type=\"widget\" data-e-type=\"widget\" data-widget_type=\"heading.default\">\n\t\t\t\t\t<h2 class=\"elementor-heading-title elementor-size-default\">\u4e13\u4e1a\u884c\u4e1a\u6d3b\u52a8<\/h2>\t\t\t\t<\/div>\n\t\t\t\t<div class=\"elementor-element elementor-element-d398fcf elementor-widget elementor-widget-text-editor\" data-id=\"d398fcf\" data-element_type=\"widget\" data-e-type=\"widget\" data-widget_type=\"text-editor.default\">\n\t\t\t\t\t\t\t\t\t<p>\u5546\u52a1\u914d\u5bf9\u8ba1\u5212\u91c7\u7528\u73b0\u573a\u548c\u5728\u7ebf\u4e24\u79cd\u5f62\u5f0f\uff0c\u4e0d\u4ec5\u80fd\u6709\u6548\u652f\u6301\u53c2\u5c55\u5546\uff0c\u8fd8\u80fd\u5438\u5f15\u56fd\u5185\u5916\u4f01\u4e1a\u5728\u7ebf\u53c2\u4e0e\u3002<\/p>\t\t\t\t\t\t\t\t<\/div>\n\t\t\t\t<div class=\"elementor-element elementor-element-9f45eb4 elementor-align-center elementor-widget elementor-widget-button\" data-id=\"9f45eb4\" data-element_type=\"widget\" data-e-type=\"widget\" data-widget_type=\"button.default\">\n\t\t\t\t\t\t\t\t\t\t<a class=\"elementor-button elementor-button-link elementor-size-sm\" href=\"https:\/\/autotechshow.com.vn\/zh\/%e4%ba%8b%e4%bb%b6\/su-kien-chuyen-nganh\/\">\n\t\t\t\t\t\t<span class=\"elementor-button-content-wrapper\">\n\t\t\t\t\t\t\t\t\t<span class=\"elementor-button-text\">\u4e86\u89e3\u66f4\u591a<\/span>\n\t\t\t\t\t<\/span>\n\t\t\t\t\t<\/a>\n\t\t\t\t\t\t\t\t<\/div>\n\t\t\t\t\t<\/div>\n\t\t<\/div>\n\t\t\t\t\t<\/div>\n\t\t<\/section>\n\t\t\t\t\t<\/div>\n\t\t<\/div>\n\t\t\t\t\t<\/div>\n\t\t<\/section>\n\t\t\t\t<section class=\"elementor-section elementor-top-section elementor-element elementor-element-0fbbb84 elementor-section-content-middle elementor-hidden-desktop elementor-hidden-tablet elementor-section-boxed elementor-section-height-default elementor-section-height-default\" data-id=\"0fbbb84\" data-element_type=\"section\" data-e-type=\"section\" data-settings=\"{&quot;jet_parallax_layout_list&quot;:[]}\">\n\t\t\t\t\t\t<div class=\"elementor-container elementor-column-gap-default\">\n\t\t\t\t\t<div class=\"elementor-column elementor-col-50 elementor-top-column elementor-element elementor-element-339ac6e\" data-id=\"339ac6e\" data-element_type=\"column\" data-e-type=\"column\">\n\t\t\t<div class=\"elementor-widget-wrap elementor-element-populated\">\n\t\t\t\t\t\t<div class=\"elementor-element elementor-element-2dea741 elementor-widget elementor-widget-image\" data-id=\"2dea741\" data-element_type=\"widget\" data-e-type=\"widget\" data-widget_type=\"image.default\">\n\t\t\t\t\t\t\t\t\t\t\t\t\t\t\t<img decoding=\"async\" width=\"800\" height=\"534\" src=\"https:\/\/autotechshow.com.vn\/wp-content\/uploads\/2026\/01\/123c9509f5a364c5a193aa7becbce256b3d1cb90.png\" class=\"attachment-large size-large wp-image-711\" alt=\"\" srcset=\"https:\/\/autotechshow.com.vn\/wp-content\/uploads\/2026\/01\/123c9509f5a364c5a193aa7becbce256b3d1cb90.png 1000w, https:\/\/autotechshow.com.vn\/wp-content\/uploads\/2026\/01\/123c9509f5a364c5a193aa7becbce256b3d1cb90-300x200.png 300w, https:\/\/autotechshow.com.vn\/wp-content\/uploads\/2026\/01\/123c9509f5a364c5a193aa7becbce256b3d1cb90-768x512.png 768w\" sizes=\"(max-width: 800px) 100vw, 800px\" \/>\t\t\t\t\t\t\t\t\t\t\t\t\t\t\t<\/div>\n\t\t\t\t\t<\/div>\n\t\t<\/div>\n\t\t\t\t<div class=\"elementor-column elementor-col-50 elementor-top-column elementor-element elementor-element-ac6ca0e\" data-id=\"ac6ca0e\" data-element_type=\"column\" data-e-type=\"column\">\n\t\t\t<div class=\"elementor-widget-wrap elementor-element-populated\">\n\t\t\t\t\t\t<section class=\"elementor-section elementor-inner-section elementor-element elementor-element-f5c838e elementor-section-boxed elementor-section-height-default elementor-section-height-default\" data-id=\"f5c838e\" data-element_type=\"section\" data-e-type=\"section\" data-settings=\"{&quot;jet_parallax_layout_list&quot;:[]}\">\n\t\t\t\t\t\t<div class=\"elementor-container elementor-column-gap-default\">\n\t\t\t\t\t<div class=\"elementor-column elementor-col-100 elementor-inner-column elementor-element elementor-element-5c8abc2\" data-id=\"5c8abc2\" data-element_type=\"column\" data-e-type=\"column\" data-settings=\"{&quot;background_background&quot;:&quot;classic&quot;}\">\n\t\t\t<div class=\"elementor-widget-wrap elementor-element-populated\">\n\t\t\t\t\t\t<div class=\"elementor-element elementor-element-97ad142 elementor-widget elementor-widget-heading\" data-id=\"97ad142\" data-element_type=\"widget\" data-e-type=\"widget\" data-widget_type=\"heading.default\">\n\t\t\t\t\t<h2 class=\"elementor-heading-title elementor-size-default\">\u4e13\u4e1a\u884c\u4e1a\u6d3b\u52a8<\/h2>\t\t\t\t<\/div>\n\t\t\t\t<div class=\"elementor-element elementor-element-3e9ea1f elementor-widget elementor-widget-text-editor\" data-id=\"3e9ea1f\" data-element_type=\"widget\" data-e-type=\"widget\" data-widget_type=\"text-editor.default\">\n\t\t\t\t\t\t\t\t\t<p>\u5546\u52a1\u914d\u5bf9\u8ba1\u5212\u91c7\u7528\u73b0\u573a\u548c\u5728\u7ebf\u4e24\u79cd\u5f62\u5f0f\uff0c\u4e0d\u4ec5\u80fd\u6709\u6548\u652f\u6301\u53c2\u5c55\u5546\uff0c\u8fd8\u80fd\u5438\u5f15\u56fd\u5185\u5916\u4f01\u4e1a\u5728\u7ebf\u53c2\u4e0e\u3002<\/p>\t\t\t\t\t\t\t\t<\/div>\n\t\t\t\t<div class=\"elementor-element elementor-element-e4876c8 elementor-align-center elementor-widget__width-auto elementor-absolute elementor-widget-mobile__width-inherit elementor-widget elementor-widget-button\" data-id=\"e4876c8\" data-element_type=\"widget\" data-e-type=\"widget\" data-settings=\"{&quot;_position&quot;:&quot;absolute&quot;}\" data-widget_type=\"button.default\">\n\t\t\t\t\t\t\t\t\t\t<a class=\"elementor-button elementor-button-link elementor-size-sm\" href=\"https:\/\/autotechshow.com.vn\/zh\/%e4%ba%8b%e4%bb%b6\/su-kien-chuyen-nganh\/\">\n\t\t\t\t\t\t<span class=\"elementor-button-content-wrapper\">\n\t\t\t\t\t\t\t\t\t<span class=\"elementor-button-text\">Xem Th\u00eam<\/span>\n\t\t\t\t\t<\/span>\n\t\t\t\t\t<\/a>\n\t\t\t\t\t\t\t\t<\/div>\n\t\t\t\t\t<\/div>\n\t\t<\/div>\n\t\t\t\t\t<\/div>\n\t\t<\/section>\n\t\t\t\t\t<\/div>\n\t\t<\/div>\n\t\t\t\t\t<\/div>\n\t\t<\/section>\n\t\t\t\t<\/div>","protected":false},"excerpt":{"rendered":"<p>K\u1ebft N\u1ed1i Giao Th\u01b0\u01a1ng Ch\u01b0\u01a1ng tr\u00ecnh k\u1ebft n\u1ed1i giao th\u01b0\u01a1ng \u0111\u01b0\u1ee3c t\u1ed5 ch\u1ee9c d\u01b0\u1edbi h\u00ecnh th\u1ee9c tr\u1ef1c ti\u1ebfp v\u00e0 tr\u1ef1c tuy\u1ebfn nh\u1eb1m h\u1ed7 tr\u1ee3 hi\u1ec7u qu\u1ea3 kh\u00f4ng ch\u1ec9 cho c\u00e1c doanh nghi\u1ec7p \u0111\u0103ng k\u00fd tham gia tr\u1ef1c ti\u1ebfp m\u00e0 c\u00f2n thu h\u00fat c\u1ea3 nh\u1eefng doanh nghi\u1ec7p trong v\u00e0 ngo\u00e0i n\u01b0\u1edbc tham gia tr\u1ef1c tuy\u1ebfn. \u0110\u0103ng [&hellip;]<\/p>\n","protected":false},"author":1,"featured_media":31559,"parent":0,"menu_order":0,"comment_status":"closed","ping_status":"closed","template":"","meta":{"footnotes":""},"class_list":["post-35","page","type-page","status-publish","has-post-thumbnail","hentry"],"_links":{"self":[{"href":"https:\/\/autotechshow.com.vn\/zh\/wp-json\/wp\/v2\/pages\/35","targetHints":{"allow":["GET"]}}],"collection":[{"href":"https:\/\/autotechshow.com.vn\/zh\/wp-json\/wp\/v2\/pages"}],"about":[{"href":"https:\/\/autotechshow.com.vn\/zh\/wp-json\/wp\/v2\/types\/page"}],"author":[{"embeddable":true,"href":"https:\/\/autotechshow.com.vn\/zh\/wp-json\/wp\/v2\/users\/1"}],"replies":[{"embeddable":true,"href":"https:\/\/autotechshow.com.vn\/zh\/wp-json\/wp\/v2\/comments?post=35"}],"version-history":[{"count":87,"href":"https:\/\/autotechshow.com.vn\/zh\/wp-json\/wp\/v2\/pages\/35\/revisions"}],"predecessor-version":[{"id":31589,"href":"https:\/\/autotechshow.com.vn\/zh\/wp-json\/wp\/v2\/pages\/35\/revisions\/31589"}],"wp:featuredmedia":[{"embeddable":true,"href":"https:\/\/autotechshow.com.vn\/zh\/wp-json\/wp\/v2\/media\/31559"}],"wp:attachment":[{"href":"https:\/\/autotechshow.com.vn\/zh\/wp-json\/wp\/v2\/media?parent=35"}],"curies":[{"name":"wp","href":"https:\/\/api.w.org\/{rel}","templated":true}]}}