{"id":628,"date":"2026-01-15T10:25:10","date_gmt":"2026-01-15T03:25:10","guid":{"rendered":"https:\/\/autotechshow.com.vn\/?page_id=628"},"modified":"2026-02-27T14:53:08","modified_gmt":"2026-02-27T07:53:08","slug":"%e6%b3%a8%e5%86%8c%e5%8f%82%e8%a7%82","status":"publish","type":"page","link":"https:\/\/autotechshow.com.vn\/zh\/dang-ky-tham-quan\/","title":{"rendered":"\u6ce8\u518c\u53c2\u89c2"},"content":{"rendered":"<div data-elementor-type=\"wp-page\" data-elementor-id=\"628\" class=\"elementor elementor-628\" data-elementor-settings=\"{&quot;element_pack_global_tooltip_width&quot;:{&quot;unit&quot;:&quot;px&quot;,&quot;size&quot;:&quot;&quot;,&quot;sizes&quot;:[]},&quot;element_pack_global_tooltip_width_tablet&quot;:{&quot;unit&quot;:&quot;px&quot;,&quot;size&quot;:&quot;&quot;,&quot;sizes&quot;:[]},&quot;element_pack_global_tooltip_width_mobile&quot;:{&quot;unit&quot;:&quot;px&quot;,&quot;size&quot;:&quot;&quot;,&quot;sizes&quot;:[]},&quot;element_pack_global_tooltip_padding&quot;:{&quot;unit&quot;:&quot;px&quot;,&quot;top&quot;:&quot;&quot;,&quot;right&quot;:&quot;&quot;,&quot;bottom&quot;:&quot;&quot;,&quot;left&quot;:&quot;&quot;,&quot;isLinked&quot;:true},&quot;element_pack_global_tooltip_padding_tablet&quot;:{&quot;unit&quot;:&quot;px&quot;,&quot;top&quot;:&quot;&quot;,&quot;right&quot;:&quot;&quot;,&quot;bottom&quot;:&quot;&quot;,&quot;left&quot;:&quot;&quot;,&quot;isLinked&quot;:true},&quot;element_pack_global_tooltip_padding_mobile&quot;:{&quot;unit&quot;:&quot;px&quot;,&quot;top&quot;:&quot;&quot;,&quot;right&quot;:&quot;&quot;,&quot;bottom&quot;:&quot;&quot;,&quot;left&quot;:&quot;&quot;,&quot;isLinked&quot;:true},&quot;element_pack_global_tooltip_border_radius&quot;:{&quot;unit&quot;:&quot;px&quot;,&quot;top&quot;:&quot;&quot;,&quot;right&quot;:&quot;&quot;,&quot;bottom&quot;:&quot;&quot;,&quot;left&quot;:&quot;&quot;,&quot;isLinked&quot;:true},&quot;element_pack_global_tooltip_border_radius_tablet&quot;:{&quot;unit&quot;:&quot;px&quot;,&quot;top&quot;:&quot;&quot;,&quot;right&quot;:&quot;&quot;,&quot;bottom&quot;:&quot;&quot;,&quot;left&quot;:&quot;&quot;,&quot;isLinked&quot;:true},&quot;element_pack_global_tooltip_border_radius_mobile&quot;:{&quot;unit&quot;:&quot;px&quot;,&quot;top&quot;:&quot;&quot;,&quot;right&quot;:&quot;&quot;,&quot;bottom&quot;:&quot;&quot;,&quot;left&quot;:&quot;&quot;,&quot;isLinked&quot;:true}}\" data-elementor-post-type=\"page\">\n\t\t\t\t\t\t<section class=\"elementor-section elementor-top-section elementor-element elementor-element-83a0a0d elementor-section-boxed elementor-section-height-default elementor-section-height-default\" data-id=\"83a0a0d\" data-element_type=\"section\" data-e-type=\"section\" data-settings=\"{&quot;jet_parallax_layout_list&quot;:[]}\">\n\t\t\t\t\t\t<div class=\"elementor-container elementor-column-gap-default\">\n\t\t\t\t\t<div class=\"elementor-column elementor-col-100 elementor-top-column elementor-element elementor-element-274a2d7\" data-id=\"274a2d7\" data-element_type=\"column\" data-e-type=\"column\">\n\t\t\t<div class=\"elementor-widget-wrap elementor-element-populated\">\n\t\t\t\t\t\t<section class=\"elementor-section elementor-inner-section elementor-element elementor-element-ad0b77d elementor-section-boxed elementor-section-height-default elementor-section-height-default\" data-id=\"ad0b77d\" data-element_type=\"section\" data-e-type=\"section\" data-settings=\"{&quot;jet_parallax_layout_list&quot;:[]}\">\n\t\t\t\t\t\t<div class=\"elementor-container elementor-column-gap-default\">\n\t\t\t\t\t<div class=\"elementor-column elementor-col-100 elementor-inner-column elementor-element elementor-element-474dcd7\" data-id=\"474dcd7\" data-element_type=\"column\" data-e-type=\"column\">\n\t\t\t<div class=\"elementor-widget-wrap elementor-element-populated\">\n\t\t\t\t\t\t<div class=\"elementor-element elementor-element-7d9d6cd elementor-widget elementor-widget-image\" data-id=\"7d9d6cd\" data-element_type=\"widget\" data-e-type=\"widget\" data-widget_type=\"image.default\">\n\t\t\t\t\t\t\t\t\t\t\t\t\t\t\t<img fetchpriority=\"high\" decoding=\"async\" width=\"2560\" height=\"1058\" src=\"https:\/\/autotechshow.com.vn\/wp-content\/uploads\/2026\/01\/1d170ee951e0cdd334eadf82ddfdef4c246bc20d-scaled.png\" class=\"attachment-full size-full wp-image-55\" alt=\"\" srcset=\"https:\/\/autotechshow.com.vn\/wp-content\/uploads\/2026\/01\/1d170ee951e0cdd334eadf82ddfdef4c246bc20d-scaled.png 2560w, https:\/\/autotechshow.com.vn\/wp-content\/uploads\/2026\/01\/1d170ee951e0cdd334eadf82ddfdef4c246bc20d-300x124.png 300w, https:\/\/autotechshow.com.vn\/wp-content\/uploads\/2026\/01\/1d170ee951e0cdd334eadf82ddfdef4c246bc20d-1024x423.png 1024w, https:\/\/autotechshow.com.vn\/wp-content\/uploads\/2026\/01\/1d170ee951e0cdd334eadf82ddfdef4c246bc20d-768x317.png 768w, https:\/\/autotechshow.com.vn\/wp-content\/uploads\/2026\/01\/1d170ee951e0cdd334eadf82ddfdef4c246bc20d-1536x635.png 1536w, https:\/\/autotechshow.com.vn\/wp-content\/uploads\/2026\/01\/1d170ee951e0cdd334eadf82ddfdef4c246bc20d-2048x846.png 2048w\" sizes=\"(max-width: 2560px) 100vw, 2560px\" \/>\t\t\t\t\t\t\t\t\t\t\t\t\t\t\t<\/div>\n\t\t\t\t\t<\/div>\n\t\t<\/div>\n\t\t\t\t\t<\/div>\n\t\t<\/section>\n\t\t\t\t<div class=\"elementor-element elementor-element-58daf50 elementor-widget elementor-widget-heading\" data-id=\"58daf50\" data-element_type=\"widget\" data-e-type=\"widget\" data-widget_type=\"heading.default\">\n\t\t\t\t\t<h2 class=\"elementor-heading-title elementor-size-default\">\u7b2c22\u5c4a\u56fd\u9645\u5c55\u89c8\u4f1a<br>\u6c7d\u8f66\u3001\u6469\u6258\u8f66\u3001\u7535\u52a8\u8f66\u53ca\u914d\u5957\u4ea7\u4e1a\u5c55\u89c8\u4f1a\n\uff08AUTOTECH &amp; ACCESSORIES 2026\uff09<\/h2>\t\t\t\t<\/div>\n\t\t\t\t<div class=\"elementor-element elementor-element-2661041 elementor-widget elementor-widget-heading\" data-id=\"2661041\" data-element_type=\"widget\" data-e-type=\"widget\" data-widget_type=\"heading.default\">\n\t\t\t\t\t<h2 class=\"elementor-heading-title elementor-size-default\">\u6ce8\u518c\u53c2\u89c2<\/h2>\t\t\t\t<\/div>\n\t\t\t\t<div class=\"elementor-element elementor-element-b3dbd32 elementor-widget elementor-widget-text-editor\" data-id=\"b3dbd32\" data-element_type=\"widget\" data-e-type=\"widget\" data-widget_type=\"text-editor.default\">\n\t\t\t\t\t\t\t\t\t<p><strong>\u65f6\u95f4:<\/strong> 21\/05 \u2013 24\/05\/2026<\/p><p><span style=\"color: #000000;\"><strong>\u5730\u70b9:<\/strong><\/span> \u897f\u8d21\u4f1a\u5c55\u4e2d\u5fc3\uff08SECC\uff09\n\u8d8a\u5357\u80e1\u5fd7\u660e\u5e02\u65b0\u7f8e\u574a\u962e\u6587\u7075\u5927\u9053799\u53f7<\/p><p><span style=\"color: #ff0000;\">\u6ce8\uff1a\u5e26*\u53f7\u7684\u4e3a\u5fc5\u586b\u9879<\/span><\/p>\t\t\t\t\t\t\t\t<\/div>\n\t\t\t\t<div class=\"elementor-element elementor-element-eae25ab elementor-widget elementor-widget-shortcode\" data-id=\"eae25ab\" data-element_type=\"widget\" data-e-type=\"widget\" data-widget_type=\"shortcode.default\">\n\t\t\t\t\t\t\t<div class=\"elementor-shortcode\">\n<div class=\"wpcf7 no-js\" id=\"wpcf7-f1246-o1\" lang=\"vi\" dir=\"ltr\" data-wpcf7-id=\"1246\">\n<div class=\"screen-reader-response\"><p role=\"status\" aria-live=\"polite\" aria-atomic=\"true\"><\/p> <ul><\/ul><\/div>\n<form action=\"\/zh\/wp-json\/wp\/v2\/pages\/628#wpcf7-f1246-o1\" method=\"post\" class=\"wpcf7-form init\" aria-label=\"Form li\u00ean h\u1ec7\" novalidate=\"novalidate\" data-status=\"init\" data-trp-original-action=\"\/zh\/wp-json\/wp\/v2\/pages\/628#wpcf7-f1246-o1\">\n<fieldset class=\"hidden-fields-container\"><input type=\"hidden\" name=\"_wpcf7\" value=\"1246\" \/><input type=\"hidden\" name=\"_wpcf7_version\" value=\"6.1.5\" \/><input type=\"hidden\" name=\"_wpcf7_locale\" value=\"vi\" \/><input type=\"hidden\" name=\"_wpcf7_unit_tag\" value=\"wpcf7-f1246-o1\" \/><input type=\"hidden\" name=\"_wpcf7_container_post\" value=\"0\" \/><input type=\"hidden\" name=\"_wpcf7_posted_data_hash\" value=\"\" \/>\n<\/fieldset>\n<div class=\"form-row\">\n\t<div class=\"form-col\">\n\t\t<p><label>\u59d3\u540d <span style=\"color: red; font-weight: 700;\">*<\/span><\/label><br \/>\n<span class=\"wpcf7-form-control-wrap\" data-name=\"your-name\"><input size=\"40\" maxlength=\"400\" class=\"wpcf7-form-control wpcf7-text wpcf7-validates-as-required form-control\" aria-required=\"true\" aria-invalid=\"false\" placeholder=\"\" value=\"\" type=\"text\" name=\"your-name\" \/><\/span>\n\t\t<\/p>\n\t<\/div>\n\t<div class=\"form-col\">\n\t\t<p><label>\u516c\u53f8\u540d\u79f0 <span style=\"color: red; font-weight: 700;\">*<\/span><\/label><br \/>\n<span class=\"wpcf7-form-control-wrap\" data-name=\"your-company\"><input size=\"40\" maxlength=\"400\" class=\"wpcf7-form-control wpcf7-text wpcf7-validates-as-required form-control\" aria-required=\"true\" aria-invalid=\"false\" placeholder=\"\" value=\"\" type=\"text\" name=\"your-company\" \/><\/span>\n\t\t<\/p>\n\t<\/div>\n<\/div>\n<div class=\"form-row\">\n\t<div class=\"form-col\">\n\t\t<p><label>\u7535\u8bdd <span style=\"color: red; font-weight: 700;\">*<\/span><\/label><br \/>\n<span class=\"wpcf7-form-control-wrap\" data-name=\"your-phone\"><input size=\"40\" maxlength=\"400\" class=\"wpcf7-form-control wpcf7-tel wpcf7-validates-as-required wpcf7-text wpcf7-validates-as-tel form-control\" aria-required=\"true\" aria-invalid=\"false\" placeholder=\"\" value=\"\" type=\"tel\" name=\"your-phone\" \/><\/span>\n\t\t<\/p>\n\t<\/div>\n\t<div class=\"form-col\">\n\t\t<p><label>\u7535\u5b50\u90ae\u4ef6 <span style=\"color: red; font-weight: 700;\">*<\/span><\/label><br \/>\n<span class=\"wpcf7-form-control-wrap\" data-name=\"your-email\"><input size=\"40\" maxlength=\"400\" class=\"wpcf7-form-control wpcf7-email wpcf7-validates-as-required wpcf7-text wpcf7-validates-as-email form-control\" aria-required=\"true\" aria-invalid=\"false\" placeholder=\"\" value=\"\" type=\"email\" name=\"your-email\" \/><\/span>\n\t\t<\/p>\n\t<\/div>\n<\/div>\n<p><input class=\"wpcf7-form-control wpcf7-submit has-spinner submit-btn\" type=\"submit\" value=\"\u63d0\u4ea4\" \/>\n<\/p><div class=\"wpcf7-response-output\" aria-hidden=\"true\"><\/div>\n<input type=\"hidden\" name=\"trp-form-language\" value=\"zh\"\/><\/form>\n<\/div>\n<\/div>\n\t\t\t\t\t\t<\/div>\n\t\t\t\t\t<\/div>\n\t\t<\/div>\n\t\t\t\t\t<\/div>\n\t\t<\/section>\n\t\t\t\t<\/div>","protected":false},"excerpt":{"rendered":"<p>TRI\u1ec2N L\u00c3M QU\u1ed0C T\u1ebe L\u1ea6N TH\u1ee8 22\u2028C\u00d4NG NGHI\u1ec6P \u00d4 T\u00d4, XE M\u00c1Y, XE \u0110I\u1ec6N V\u00c0 C\u00d4NG NGHI\u1ec6P H\u1ed6 TR\u1ee2\u2028(AUTOTECH &amp; ACCESSORIES SHOW 2026) \u0110\u01a0N \u0110\u0102NG K\u00dd THAM QUAN Th\u1eddi gian: 21\/05 \u2013 24\/05\/2026 \u0110\u1ecba \u0111i\u1ec3m: Trung t\u00e2m H\u1ed9i ch\u1ee3 v\u00e0 Tri\u1ec3n l\u00e3m S\u00e0i G\u00f2n (SECC), 799 Nguy\u1ec5n V\u0103n Linh, P. T\u00e2n M\u1ef9, TP.HCM L\u01b0u \u00fd: [&hellip;]<\/p>\n","protected":false},"author":1,"featured_media":55,"parent":0,"menu_order":0,"comment_status":"closed","ping_status":"closed","template":"","meta":{"footnotes":""},"class_list":["post-628","page","type-page","status-publish","has-post-thumbnail","hentry"],"_links":{"self":[{"href":"https:\/\/autotechshow.com.vn\/zh\/wp-json\/wp\/v2\/pages\/628","targetHints":{"allow":["GET"]}}],"collection":[{"href":"https:\/\/autotechshow.com.vn\/zh\/wp-json\/wp\/v2\/pages"}],"about":[{"href":"https:\/\/autotechshow.com.vn\/zh\/wp-json\/wp\/v2\/types\/page"}],"author":[{"embeddable":true,"href":"https:\/\/autotechshow.com.vn\/zh\/wp-json\/wp\/v2\/users\/1"}],"replies":[{"embeddable":true,"href":"https:\/\/autotechshow.com.vn\/zh\/wp-json\/wp\/v2\/comments?post=628"}],"version-history":[{"count":90,"href":"https:\/\/autotechshow.com.vn\/zh\/wp-json\/wp\/v2\/pages\/628\/revisions"}],"predecessor-version":[{"id":1812,"href":"https:\/\/autotechshow.com.vn\/zh\/wp-json\/wp\/v2\/pages\/628\/revisions\/1812"}],"wp:featuredmedia":[{"embeddable":true,"href":"https:\/\/autotechshow.com.vn\/zh\/wp-json\/wp\/v2\/media\/55"}],"wp:attachment":[{"href":"https:\/\/autotechshow.com.vn\/zh\/wp-json\/wp\/v2\/media?parent=628"}],"curies":[{"name":"wp","href":"https:\/\/api.w.org\/{rel}","templated":true}]}}